{"id":3466,"date":"2018-04-26T15:11:28","date_gmt":"2018-04-26T13:11:28","guid":{"rendered":"https:\/\/www.oldebolhaar.com\/diensten\/"},"modified":"2018-09-21T13:31:12","modified_gmt":"2018-09-21T11:31:12","slug":"dienstleistungen","status":"publish","type":"page","link":"https:\/\/www.oldebolhaar.com\/de\/dienstleistungen\/","title":{"rendered":"Dienstleistungen"},"content":{"rendered":"<div class=\"wpb-content-wrapper\"><p>[vc_row full_width=&#8220;stretch_row&#8220; bg_type=&#8220;bg_color&#8220; seperator_enable=&#8220;seperator_enable_value&#8220; seperator_type=&#8220;tilt_left_seperator&#8220; seperator_position=&#8220;bottom_seperator&#8220; seperator_svg_height=&#8220;100&#8243; seperator_shape_background=&#8220;#ffffff&#8220; css=&#8220;.vc_custom_1524655464252{padding-bottom: 120px !important;background-color: #000000 !important;}&#8220; bg_color_value=&#8220;#000000&#8243;][vc_column][vc_custom_heading text=&#8220;Dienstleistungen auf die wir stolz sind!&#8220; font_container=&#8220;tag:h1|text_align:left|color:%23ffffff&#8220; use_theme_fonts=&#8220;yes&#8220; el_class=&#8220;title&#8220; css=&#8220;.vc_custom_1535716752095{margin-bottom: 60px !important;}&#8220;][vc_row_inner][vc_column_inner width=&#8220;1\/3&#8243;]<div class='featured featured-has-link featured-has-content simple-style'><div class='featured-header'><a target='_self' href='\/de\/dienstleistungen\/annahme-und-verwertung-von-gruenabfaellen\/'><img alt='Annahme und Verwertung von Gr\u00fcnabf\u00e4llen' src='https:\/\/www.oldebolhaar.com\/wp-content\/uploads\/2018\/04\/olde-bolhaar-producten-biomateriaal-722x368.jpg'\/><\/a><\/div><div class='featured-content'><h3 class='featured-title text-uppercase'><a target='_self' href='\/de\/dienstleistungen\/annahme-und-verwertung-von-gruenabfaellen\/'>Annahme und Verwertung von Gr\u00fcnabf\u00e4llen<\/a><\/h3><p class='featured-desc'>Olde Bolhaar sammelt <span lang=\"EN-US\">Gr\u00fcnabf\u00e4<\/span><span lang=\"IT\">lle u<\/span><span lang=\"EN-US\">. a. von Kommunen, abfallverarbeitenden Betrieben, G\u00e4rtnern und Unternehmen der Land-, Garten- und Forstwirtschaft. <\/span><\/p><a class='btn btn-md btn-minimal' target='_self' href='\/de\/dienstleistungen\/annahme-und-verwertung-von-gruenabfaellen\/'>MEHR LESEN<\/a><\/div><\/div>[vc_empty_space]<div class='featured featured-has-link featured-has-content simple-style'><div class='featured-header'><a target='_self' href='\/de\/dienstleistungen\/verfeinern-und-sieben\/'><img alt='Verfeinern und Sieben' src='https:\/\/www.oldebolhaar.com\/wp-content\/uploads\/2018\/04\/olde-bolhaar-diensten-afzeven-verkleinen-722x368.jpg'\/><\/a><\/div><div class='featured-content'><h3 class='featured-title text-uppercase'><a target='_self' href='\/de\/dienstleistungen\/verfeinern-und-sieben\/'>Verfeinern und Sieben<\/a><\/h3><p class='featured-desc'><span lang=\"EN-US\">Gr\u00fcnmaterial kann durch sieben in grobes und feines Material getrennt werden. Dies kann in einem der Standorte oder mit einer Siebmaschine vor Ort geschehen. <\/span><\/p><a class='btn btn-md btn-minimal' target='_self' href='\/de\/dienstleistungen\/verfeinern-und-sieben\/'>MEHR LESEN<\/a><\/div><\/div>[\/vc_column_inner][vc_column_inner width=&#8220;1\/3&#8243;]<div class='featured featured-has-link featured-has-content simple-style'><div class='featured-header'><a target='_self' href='\/de\/dienstleistungen\/verwertung-kontaminierter-siebueberlaeufe\/'><img alt='Verwertung kontaminierter Sieb\u00fcberl\u00e4ufe' src='https:\/\/www.oldebolhaar.com\/wp-content\/uploads\/2018\/07\/olde-bolhaar-diensten-verwerking-verontreinigde-zeefoverlopen-722x368.jpg'\/><\/a><\/div><div class='featured-content'><h3 class='featured-title text-uppercase'><a target='_self' href='\/de\/dienstleistungen\/verwertung-kontaminierter-siebueberlaeufe\/'>Verwertung kontaminierter Sieb\u00fcberl\u00e4ufe<\/a><\/h3><p class='featured-desc'><span lang=\"EN-US\">Sieb\u00fcberl\u00e4ufe sind grober Gr\u00fcnabfall, bei dem z.B. Mutterboden und andere Feinstoffe bereits herausgefiltert wurden. <\/span><\/p><a class='btn btn-md btn-minimal' target='_self' href='\/de\/dienstleistungen\/verwertung-kontaminierter-siebueberlaeufe\/'>MEHR LESEN<\/a><\/div><\/div>[vc_empty_space]<div class='featured featured-has-link featured-has-content simple-style'><div class='featured-header'><a target='_self' href='\/de\/dienstleistungen\/forstwirtschaft\/'><img alt='Forstwirtschaft' src='https:\/\/www.oldebolhaar.com\/wp-content\/uploads\/2018\/07\/olde-bolhaar-diensten-bosbouw-722x368.jpg'\/><\/a><\/div><div class='featured-content'><h3 class='featured-title text-uppercase'><a target='_self' href='\/de\/dienstleistungen\/forstwirtschaft\/'>Forstwirtschaft<\/a><\/h3><p class='featured-desc'><span lang=\"EN-US\">Die S\u00e4uberung von Waldfl\u00e4chen und das Schneiden, Roden und die Entfernung einzelner B\u00e4ume sind ein besonderer Service von Olde Bolhaar. <\/span><\/p><a class='btn btn-md btn-minimal' target='_self' href='\/de\/dienstleistungen\/forstwirtschaft\/'>MEHR LESEN<\/a><\/div><\/div>[\/vc_column_inner][vc_column_inner width=&#8220;1\/3&#8243;]<div class='featured featured-has-link featured-has-content simple-style'><div class='featured-header'><a target='_self' href='de\/dienstleistungen\/naturmanagement-und-landschaftsgestaltung\/'><img alt='Naturmanagement und Landschaftsgestaltung' src='https:\/\/www.oldebolhaar.com\/wp-content\/uploads\/2018\/07\/olde-bolhaar-diensten-natuurbeheer-en-landschapsbouw-722x368.jpg'\/><\/a><\/div><div class='featured-content'><h3 class='featured-title text-uppercase'><a target='_self' href='de\/dienstleistungen\/naturmanagement-und-landschaftsgestaltung\/'>Naturmanagement und Landschaftsgestaltung<\/a><\/h3><p class='featured-desc'><span lang=\"EN-US\">Olde Bolhaar bietet au\u00dferdem die Neugestaltung und Umz\u00e4unung von Wald- und Naturgebieten sowie die Anlage von Wanderwegen an. <\/span><\/p><a class='btn btn-md btn-minimal' target='_self' href='de\/dienstleistungen\/naturmanagement-und-landschaftsgestaltung\/'>MEHR LESEN<\/a><\/div><\/div>[vc_empty_space]<div class='featured featured-has-link featured-has-content simple-style'><div class='featured-header'><a target='_self' href='\/de\/dienstleistungen\/transport\/'><img alt='Transport' src='https:\/\/www.oldebolhaar.com\/wp-content\/uploads\/2018\/07\/olde-bolhaar-diensten-transport-2-722x368.jpg'\/><\/a><\/div><div class='featured-content'><h3 class='featured-title text-uppercase'><a target='_self' href='\/de\/dienstleistungen\/transport\/'>Transport<\/a><\/h3><p class='featured-desc'>Olde Bolhaar verf<span lang=\"EN-US\">\u00fcgt \u00fcber einen eigenen Transportdienst zur An- und Ablieferung von Materialien und Gr\u00fcnabf\u00e4llen.<\/span><\/p><a class='btn btn-md btn-minimal' target='_self' href='\/de\/dienstleistungen\/transport\/'>MEHR LESEN<\/a><\/div><\/div>[\/vc_column_inner][\/vc_row_inner][\/vc_column][\/vc_row][vc_row full_width=&#8220;stretch_row&#8220; css=&#8220;.vc_custom_1524490803007{margin-top: -35px !important;margin-bottom: 0px !important;padding-top: 35px !important;padding-bottom: 35px !important;}&#8220;][vc_column][vc_row_inner content_placement=&#8220;top&#8220; css=&#8220;.vc_custom_1524483215955{background-position: center !important;background-repeat: no-repeat !important;background-size: cover !important;}&#8220;][vc_column_inner el_class=&#8220;hidden-sm hidden-xs&#8220; width=&#8220;1\/3&#8243;][vc_custom_heading text=&#8220;Ihre Gr\u00fcnabf\u00e4lle werden optimal f\u00fcr die umweltfreundliche Wiederverwendung aufbereitet&#8220; font_container=&#8220;tag:h1|text_align:left&#8220; use_theme_fonts=&#8220;yes&#8220; el_class=&#8220;title&#8220; css=&#8220;.vc_custom_1535717311536{margin-bottom: 60px !important;}&#8220;][\/vc_column_inner][vc_column_inner el_class=&#8220;no-margin-mobile no-padding-mobile&#8220; width=&#8220;2\/3&#8243;][vc_column_text]<\/p>\n<p class=\"Tabellenstil2\"><span lang=\"DE\">Gr\u00fcnabfall ist ein \u00e4u\u00dferst umweltfreundlicher Grundstoff f\u00fcr beispielsweise Biomasse und Kompost. Olde Bolhaar verarbeitet an den Standorten in Bad Bentheim\/Gildehaus, Zelhem und Duiven Gr\u00fcnabf\u00e4lle von Kommunen, abfallverarbeitenden Betrieben, Land- und Gartenbaubetrieben sowie G\u00e4rtnereien.\u00a0<\/span><span lang=\"EN-US\">Olde Bolhaar recycled diese \u201cgr\u00fcnen Str\u00f6me\u201d beispielsweise zu Biokraftstoffen und hochwertigem Kompost in verschiedenen Varianten.<\/span><\/p>\n<p>[\/vc_column_text][\/vc_column_inner][\/vc_row_inner][\/vc_column][\/vc_row]<\/p>\n<\/div>","protected":false},"excerpt":{"rendered":"<p>[vc_row full_width=&#8220;stretch_row&#8220; bg_type=&#8220;bg_color&#8220; seperator_enable=&#8220;seperator_enable_value&#8220; seperator_type=&#8220;tilt_left_seperator&#8220; seperator_position=&#8220;bottom_seperator&#8220; seperator_svg_height=&#8220;100&#8243; seperator_shape_background=&#8220;#ffffff&#8220; css=&#8220;.vc_custom_1524655464252{padding-bottom: 120px !important;background-color: #000000 !important;}&#8220; bg_color_value=&#8220;#000000&#8243;][vc_column][vc_custom_heading text=&#8220;Dienstleistungen auf die wir stolz sind!&#8220; font_container=&#8220;tag:h1|text_align:left|color:%23ffffff&#8220; use_theme_fonts=&#8220;yes&#8220; el_class=&#8220;title&#8220; css=&#8220;.vc_custom_1535716752095{margin-bottom: 60px !important;}&#8220;][vc_row_inner][vc_column_inner width=&#8220;1\/3&#8243;][vc_empty_space][\/vc_column_inner][vc_column_inner width=&#8220;1\/3&#8243;][vc_empty_space][\/vc_column_inner][vc_column_inner width=&#8220;1\/3&#8243;][vc_empty_space][\/vc_column_inner][\/vc_row_inner][\/vc_column][\/vc_row][vc_row full_width=&#8220;stretch_row&#8220; css=&#8220;.vc_custom_1524490803007{margin-top: -35px !important;margin-bottom: 0px !important;padding-top: 35px !important;padding-bottom: 35px !important;}&#8220;][vc_column][vc_row_inner content_placement=&#8220;top&#8220; &hellip;<\/p>\n","protected":false},"author":6,"featured_media":0,"parent":0,"menu_order":0,"comment_status":"closed","ping_status":"closed","template":"","meta":{"_monsterinsights_skip_tracking":false,"_monsterinsights_sitenote_active":false,"_monsterinsights_sitenote_note":"","_monsterinsights_sitenote_category":0,"footnotes":""},"class_list":["post-3466","page","type-page","status-publish","hentry"],"yoast_head":"<!-- This site is optimized with the Yoast SEO plugin v27.4 - https:\/\/yoast.com\/product\/yoast-seo-wordpress\/ -->\n<title>Dienstleistungen - Olde Bolhaar<\/title>\n<meta name=\"description\" content=\"Dienstleistungen auf die wir stolz sind! Annahme und Verwertung von Gr\u00fcnabf\u00e4llen, Verfeinern und Sieben und Verwertung kontaminierter Sieb\u00fcberl\u00e4ufe.\" \/>\n<meta name=\"robots\" content=\"index, follow, max-snippet:-1, max-image-preview:large, max-video-preview:-1\" \/>\n<link rel=\"canonical\" href=\"https:\/\/www.oldebolhaar.com\/de\/dienstleistungen\/\" \/>\n<meta property=\"og:locale\" content=\"de_DE\" \/>\n<meta property=\"og:type\" content=\"article\" \/>\n<meta property=\"og:title\" content=\"Dienstleistungen - Olde Bolhaar\" \/>\n<meta property=\"og:description\" content=\"Dienstleistungen auf die wir stolz sind! Annahme und Verwertung von Gr\u00fcnabf\u00e4llen, Verfeinern und Sieben und Verwertung kontaminierter Sieb\u00fcberl\u00e4ufe.\" \/>\n<meta property=\"og:url\" content=\"https:\/\/www.oldebolhaar.com\/de\/dienstleistungen\/\" \/>\n<meta property=\"og:site_name\" content=\"Olde Bolhaar\" \/>\n<meta property=\"article:publisher\" content=\"https:\/\/www.facebook.com\/Oldebolhaar\/\" \/>\n<meta property=\"article:modified_time\" content=\"2018-09-21T11:31:12+00:00\" \/>\n<meta name=\"twitter:card\" content=\"summary_large_image\" \/>\n<meta name=\"twitter:label1\" content=\"Gesch\u00e4tzte Lesezeit\" \/>\n\t<meta name=\"twitter:data1\" content=\"3\u00a0Minuten\" \/>\n<script type=\"application\/ld+json\" class=\"yoast-schema-graph\">{\"@context\":\"https:\\\/\\\/schema.org\",\"@graph\":[{\"@type\":\"WebPage\",\"@id\":\"https:\\\/\\\/www.oldebolhaar.com\\\/de\\\/dienstleistungen\\\/\",\"url\":\"https:\\\/\\\/www.oldebolhaar.com\\\/de\\\/dienstleistungen\\\/\",\"name\":\"Dienstleistungen - Olde Bolhaar\",\"isPartOf\":{\"@id\":\"https:\\\/\\\/www.oldebolhaar.com\\\/de\\\/#website\"},\"datePublished\":\"2018-04-26T13:11:28+00:00\",\"dateModified\":\"2018-09-21T11:31:12+00:00\",\"description\":\"Dienstleistungen auf die wir stolz sind! Annahme und Verwertung von Gr\u00fcnabf\u00e4llen, Verfeinern und Sieben und Verwertung kontaminierter Sieb\u00fcberl\u00e4ufe.\",\"breadcrumb\":{\"@id\":\"https:\\\/\\\/www.oldebolhaar.com\\\/de\\\/dienstleistungen\\\/#breadcrumb\"},\"inLanguage\":\"de\",\"potentialAction\":[{\"@type\":\"ReadAction\",\"target\":[\"https:\\\/\\\/www.oldebolhaar.com\\\/de\\\/dienstleistungen\\\/\"]}]},{\"@type\":\"BreadcrumbList\",\"@id\":\"https:\\\/\\\/www.oldebolhaar.com\\\/de\\\/dienstleistungen\\\/#breadcrumb\",\"itemListElement\":[{\"@type\":\"ListItem\",\"position\":1,\"name\":\"Home\",\"item\":\"https:\\\/\\\/www.oldebolhaar.com\\\/de\\\/\"},{\"@type\":\"ListItem\",\"position\":2,\"name\":\"Dienstleistungen\"}]},{\"@type\":\"WebSite\",\"@id\":\"https:\\\/\\\/www.oldebolhaar.com\\\/de\\\/#website\",\"url\":\"https:\\\/\\\/www.oldebolhaar.com\\\/de\\\/\",\"name\":\"Olde Bolhaar\",\"description\":\"Creators of Green Soil\",\"publisher\":{\"@id\":\"https:\\\/\\\/www.oldebolhaar.com\\\/de\\\/#organization\"},\"potentialAction\":[{\"@type\":\"SearchAction\",\"target\":{\"@type\":\"EntryPoint\",\"urlTemplate\":\"https:\\\/\\\/www.oldebolhaar.com\\\/de\\\/?s={search_term_string}\"},\"query-input\":{\"@type\":\"PropertyValueSpecification\",\"valueRequired\":true,\"valueName\":\"search_term_string\"}}],\"inLanguage\":\"de\"},{\"@type\":\"Organization\",\"@id\":\"https:\\\/\\\/www.oldebolhaar.com\\\/de\\\/#organization\",\"name\":\"Olde Bolhaar Eco Service\",\"url\":\"https:\\\/\\\/www.oldebolhaar.com\\\/de\\\/\",\"logo\":{\"@type\":\"ImageObject\",\"inLanguage\":\"de\",\"@id\":\"https:\\\/\\\/www.oldebolhaar.com\\\/de\\\/#\\\/schema\\\/logo\\\/image\\\/\",\"url\":\"https:\\\/\\\/www.oldebolhaar.com\\\/wp-content\\\/uploads\\\/2018\\\/04\\\/olde-bolhaar-logo.png\",\"contentUrl\":\"https:\\\/\\\/www.oldebolhaar.com\\\/wp-content\\\/uploads\\\/2018\\\/04\\\/olde-bolhaar-logo.png\",\"width\":1200,\"height\":403,\"caption\":\"Olde Bolhaar Eco Service\"},\"image\":{\"@id\":\"https:\\\/\\\/www.oldebolhaar.com\\\/de\\\/#\\\/schema\\\/logo\\\/image\\\/\"},\"sameAs\":[\"https:\\\/\\\/www.facebook.com\\\/Oldebolhaar\\\/\",\"https:\\\/\\\/www.linkedin.com\\\/company\\\/olde-bolhaar-eco-service-gmbh\\\/\"]}]}<\/script>\n<!-- \/ Yoast SEO plugin. -->","yoast_head_json":{"title":"Dienstleistungen - Olde Bolhaar","description":"Dienstleistungen auf die wir stolz sind! Annahme und Verwertung von Gr\u00fcnabf\u00e4llen, Verfeinern und Sieben und Verwertung kontaminierter Sieb\u00fcberl\u00e4ufe.","robots":{"index":"index","follow":"follow","max-snippet":"max-snippet:-1","max-image-preview":"max-image-preview:large","max-video-preview":"max-video-preview:-1"},"canonical":"https:\/\/www.oldebolhaar.com\/de\/dienstleistungen\/","og_locale":"de_DE","og_type":"article","og_title":"Dienstleistungen - Olde Bolhaar","og_description":"Dienstleistungen auf die wir stolz sind! Annahme und Verwertung von Gr\u00fcnabf\u00e4llen, Verfeinern und Sieben und Verwertung kontaminierter Sieb\u00fcberl\u00e4ufe.","og_url":"https:\/\/www.oldebolhaar.com\/de\/dienstleistungen\/","og_site_name":"Olde Bolhaar","article_publisher":"https:\/\/www.facebook.com\/Oldebolhaar\/","article_modified_time":"2018-09-21T11:31:12+00:00","twitter_card":"summary_large_image","twitter_misc":{"Gesch\u00e4tzte Lesezeit":"3\u00a0Minuten"},"schema":{"@context":"https:\/\/schema.org","@graph":[{"@type":"WebPage","@id":"https:\/\/www.oldebolhaar.com\/de\/dienstleistungen\/","url":"https:\/\/www.oldebolhaar.com\/de\/dienstleistungen\/","name":"Dienstleistungen - Olde Bolhaar","isPartOf":{"@id":"https:\/\/www.oldebolhaar.com\/de\/#website"},"datePublished":"2018-04-26T13:11:28+00:00","dateModified":"2018-09-21T11:31:12+00:00","description":"Dienstleistungen auf die wir stolz sind! Annahme und Verwertung von Gr\u00fcnabf\u00e4llen, Verfeinern und Sieben und Verwertung kontaminierter Sieb\u00fcberl\u00e4ufe.","breadcrumb":{"@id":"https:\/\/www.oldebolhaar.com\/de\/dienstleistungen\/#breadcrumb"},"inLanguage":"de","potentialAction":[{"@type":"ReadAction","target":["https:\/\/www.oldebolhaar.com\/de\/dienstleistungen\/"]}]},{"@type":"BreadcrumbList","@id":"https:\/\/www.oldebolhaar.com\/de\/dienstleistungen\/#breadcrumb","itemListElement":[{"@type":"ListItem","position":1,"name":"Home","item":"https:\/\/www.oldebolhaar.com\/de\/"},{"@type":"ListItem","position":2,"name":"Dienstleistungen"}]},{"@type":"WebSite","@id":"https:\/\/www.oldebolhaar.com\/de\/#website","url":"https:\/\/www.oldebolhaar.com\/de\/","name":"Olde Bolhaar","description":"Creators of Green Soil","publisher":{"@id":"https:\/\/www.oldebolhaar.com\/de\/#organization"},"potentialAction":[{"@type":"SearchAction","target":{"@type":"EntryPoint","urlTemplate":"https:\/\/www.oldebolhaar.com\/de\/?s={search_term_string}"},"query-input":{"@type":"PropertyValueSpecification","valueRequired":true,"valueName":"search_term_string"}}],"inLanguage":"de"},{"@type":"Organization","@id":"https:\/\/www.oldebolhaar.com\/de\/#organization","name":"Olde Bolhaar Eco Service","url":"https:\/\/www.oldebolhaar.com\/de\/","logo":{"@type":"ImageObject","inLanguage":"de","@id":"https:\/\/www.oldebolhaar.com\/de\/#\/schema\/logo\/image\/","url":"https:\/\/www.oldebolhaar.com\/wp-content\/uploads\/2018\/04\/olde-bolhaar-logo.png","contentUrl":"https:\/\/www.oldebolhaar.com\/wp-content\/uploads\/2018\/04\/olde-bolhaar-logo.png","width":1200,"height":403,"caption":"Olde Bolhaar Eco Service"},"image":{"@id":"https:\/\/www.oldebolhaar.com\/de\/#\/schema\/logo\/image\/"},"sameAs":["https:\/\/www.facebook.com\/Oldebolhaar\/","https:\/\/www.linkedin.com\/company\/olde-bolhaar-eco-service-gmbh\/"]}]}},"_links":{"self":[{"href":"https:\/\/www.oldebolhaar.com\/de\/wp-json\/wp\/v2\/pages\/3466","targetHints":{"allow":["GET"]}}],"collection":[{"href":"https:\/\/www.oldebolhaar.com\/de\/wp-json\/wp\/v2\/pages"}],"about":[{"href":"https:\/\/www.oldebolhaar.com\/de\/wp-json\/wp\/v2\/types\/page"}],"author":[{"embeddable":true,"href":"https:\/\/www.oldebolhaar.com\/de\/wp-json\/wp\/v2\/users\/6"}],"replies":[{"embeddable":true,"href":"https:\/\/www.oldebolhaar.com\/de\/wp-json\/wp\/v2\/comments?post=3466"}],"version-history":[{"count":8,"href":"https:\/\/www.oldebolhaar.com\/de\/wp-json\/wp\/v2\/pages\/3466\/revisions"}],"predecessor-version":[{"id":3604,"href":"https:\/\/www.oldebolhaar.com\/de\/wp-json\/wp\/v2\/pages\/3466\/revisions\/3604"}],"wp:attachment":[{"href":"https:\/\/www.oldebolhaar.com\/de\/wp-json\/wp\/v2\/media?parent=3466"}],"curies":[{"name":"wp","href":"https:\/\/api.w.org\/{rel}","templated":true}]}}