{"id":3504,"date":"2018-05-01T10:44:02","date_gmt":"2018-05-01T08:44:02","guid":{"rendered":"https:\/\/www.oldebolhaar.com\/dienstleistungen\/verwerking-verontreinigde-zeefoverlopen\/"},"modified":"2018-09-21T13:37:50","modified_gmt":"2018-09-21T11:37:50","slug":"verwertung-kontaminierter-siebueberlaeufe","status":"publish","type":"page","link":"https:\/\/www.oldebolhaar.com\/de\/dienstleistungen\/verwertung-kontaminierter-siebueberlaeufe\/","title":{"rendered":"Verwertung kontaminierter Sieb\u00fcberl\u00e4ufe"},"content":{"rendered":"<div class=\"wpb-content-wrapper\"><p>[vc_row seperator_enable=&#8220;seperator_enable_value&#8220; seperator_type=&#8220;tilt_left_seperator&#8220; seperator_position=&#8220;bottom_seperator&#8220; seperator_svg_height=&#8220;100&#8243; seperator_shape_background=&#8220;#ffffff&#8220; css=&#8220;.vc_custom_1525163374073{margin-bottom: 30px !important;}&#8220;][vc_column][vc_custom_heading text=&#8220;Verwertung kontaminierter Sieb\u00fcberl\u00e4ufe&#8220; font_container=&#8220;tag:h1|font_size:40|text_align:left&#8220; use_theme_fonts=&#8220;yes&#8220; el_class=&#8220;title&#8220; css=&#8220;.vc_custom_1535973885270{margin-bottom: 60px !important;}&#8220;][vc_row_inner][vc_column_inner width=&#8220;1\/2&#8243;][vc_column_text]<span lang=\"EN-US\">Sieb\u00fcberl\u00e4ufe sind grober Gr\u00fcnabfall, bei dem z.B. Mutterboden und andere Feinstoffe bereits herausgefiltert wurden. Olde Bolhaar verf\u00fcgt an den Unternehmensstandorten \u00fcber spezielle Sortierlinien um beispielsweise Kunststoffe oder Steine vom Gr\u00fcnmaterial zu trennen.<\/span>[\/vc_column_text][\/vc_column_inner][vc_column_inner width=&#8220;1\/2&#8243;][vc_single_image image=&#8220;3281&#8243; img_size=&#8220;full&#8220; alignment=&#8220;center&#8220;][\/vc_column_inner][\/vc_row_inner][\/vc_column][\/vc_row]<\/p>\n<\/div>","protected":false},"excerpt":{"rendered":"<p>[vc_row seperator_enable=&#8220;seperator_enable_value&#8220; seperator_type=&#8220;tilt_left_seperator&#8220; seperator_position=&#8220;bottom_seperator&#8220; seperator_svg_height=&#8220;100&#8243; seperator_shape_background=&#8220;#ffffff&#8220; css=&#8220;.vc_custom_1525163374073{margin-bottom: 30px !important;}&#8220;][vc_column][vc_custom_heading text=&#8220;Verwertung kontaminierter Sieb\u00fcberl\u00e4ufe&#8220; font_container=&#8220;tag:h1|font_size:40|text_align:left&#8220; use_theme_fonts=&#8220;yes&#8220; el_class=&#8220;title&#8220; css=&#8220;.vc_custom_1535973885270{margin-bottom: 60px !important;}&#8220;][vc_row_inner][vc_column_inner width=&#8220;1\/2&#8243;][vc_column_text]Sieb\u00fcberl\u00e4ufe sind grober Gr\u00fcnabfall, bei dem z.B. Mutterboden und andere Feinstoffe bereits herausgefiltert wurden. Olde Bolhaar verf\u00fcgt an den Unternehmensstandorten \u00fcber spezielle &hellip;<\/p>\n","protected":false},"author":6,"featured_media":0,"parent":3466,"menu_order":0,"comment_status":"closed","ping_status":"closed","template":"","meta":{"_monsterinsights_skip_tracking":false,"_monsterinsights_sitenote_active":false,"_monsterinsights_sitenote_note":"","_monsterinsights_sitenote_category":0,"footnotes":""},"class_list":["post-3504","page","type-page","status-publish","hentry"],"yoast_head":"<!-- This site is optimized with the Yoast SEO plugin v27.5 - https:\/\/yoast.com\/product\/yoast-seo-wordpress\/ -->\n<title>Verwertung kontaminierter Sieb\u00fcberl\u00e4ufe - Olde Bolhaar<\/title>\n<meta name=\"description\" content=\"Olde Bolhaar verf\u00fcgt an den Unternehmensstandorten \u00fcber spezielle Sortierlinien um beispielsweise Kunststoffe oder Steine vom Gr\u00fcnmaterial zu trennen.\" \/>\n<meta name=\"robots\" content=\"index, follow, max-snippet:-1, max-image-preview:large, max-video-preview:-1\" \/>\n<link rel=\"canonical\" href=\"https:\/\/www.oldebolhaar.com\/de\/dienstleistungen\/verwertung-kontaminierter-siebueberlaeufe\/\" \/>\n<meta property=\"og:locale\" content=\"de_DE\" \/>\n<meta property=\"og:type\" content=\"article\" \/>\n<meta property=\"og:title\" content=\"Verwertung kontaminierter Sieb\u00fcberl\u00e4ufe - Olde Bolhaar\" \/>\n<meta property=\"og:description\" content=\"Olde Bolhaar verf\u00fcgt an den Unternehmensstandorten \u00fcber spezielle Sortierlinien um beispielsweise Kunststoffe oder Steine vom Gr\u00fcnmaterial zu trennen.\" \/>\n<meta property=\"og:url\" content=\"https:\/\/www.oldebolhaar.com\/de\/dienstleistungen\/verwertung-kontaminierter-siebueberlaeufe\/\" \/>\n<meta property=\"og:site_name\" content=\"Olde Bolhaar\" \/>\n<meta property=\"article:publisher\" content=\"https:\/\/www.facebook.com\/Oldebolhaar\/\" \/>\n<meta property=\"article:modified_time\" content=\"2018-09-21T11:37:50+00:00\" \/>\n<meta name=\"twitter:card\" content=\"summary_large_image\" \/>\n<meta name=\"twitter:label1\" content=\"Gesch\u00e4tzte Lesezeit\" \/>\n\t<meta name=\"twitter:data1\" content=\"1\u00a0Minute\" \/>\n<script type=\"application\/ld+json\" class=\"yoast-schema-graph\">{\"@context\":\"https:\\\/\\\/schema.org\",\"@graph\":[{\"@type\":\"WebPage\",\"@id\":\"https:\\\/\\\/www.oldebolhaar.com\\\/de\\\/dienstleistungen\\\/verwertung-kontaminierter-siebueberlaeufe\\\/\",\"url\":\"https:\\\/\\\/www.oldebolhaar.com\\\/de\\\/dienstleistungen\\\/verwertung-kontaminierter-siebueberlaeufe\\\/\",\"name\":\"Verwertung kontaminierter Sieb\u00fcberl\u00e4ufe - Olde Bolhaar\",\"isPartOf\":{\"@id\":\"https:\\\/\\\/www.oldebolhaar.com\\\/de\\\/#website\"},\"datePublished\":\"2018-05-01T08:44:02+00:00\",\"dateModified\":\"2018-09-21T11:37:50+00:00\",\"description\":\"Olde Bolhaar verf\u00fcgt an den Unternehmensstandorten \u00fcber spezielle Sortierlinien um beispielsweise Kunststoffe oder Steine vom Gr\u00fcnmaterial zu trennen.\",\"breadcrumb\":{\"@id\":\"https:\\\/\\\/www.oldebolhaar.com\\\/de\\\/dienstleistungen\\\/verwertung-kontaminierter-siebueberlaeufe\\\/#breadcrumb\"},\"inLanguage\":\"de\",\"potentialAction\":[{\"@type\":\"ReadAction\",\"target\":[\"https:\\\/\\\/www.oldebolhaar.com\\\/de\\\/dienstleistungen\\\/verwertung-kontaminierter-siebueberlaeufe\\\/\"]}]},{\"@type\":\"BreadcrumbList\",\"@id\":\"https:\\\/\\\/www.oldebolhaar.com\\\/de\\\/dienstleistungen\\\/verwertung-kontaminierter-siebueberlaeufe\\\/#breadcrumb\",\"itemListElement\":[{\"@type\":\"ListItem\",\"position\":1,\"name\":\"Home\",\"item\":\"https:\\\/\\\/www.oldebolhaar.com\\\/de\\\/\"},{\"@type\":\"ListItem\",\"position\":2,\"name\":\"Dienstleistungen\",\"item\":\"https:\\\/\\\/www.oldebolhaar.com\\\/de\\\/dienstleistungen\\\/\"},{\"@type\":\"ListItem\",\"position\":3,\"name\":\"Verwertung kontaminierter Sieb\u00fcberl\u00e4ufe\"}]},{\"@type\":\"WebSite\",\"@id\":\"https:\\\/\\\/www.oldebolhaar.com\\\/de\\\/#website\",\"url\":\"https:\\\/\\\/www.oldebolhaar.com\\\/de\\\/\",\"name\":\"Olde Bolhaar\",\"description\":\"Creators of Green Soil\",\"publisher\":{\"@id\":\"https:\\\/\\\/www.oldebolhaar.com\\\/de\\\/#organization\"},\"potentialAction\":[{\"@type\":\"SearchAction\",\"target\":{\"@type\":\"EntryPoint\",\"urlTemplate\":\"https:\\\/\\\/www.oldebolhaar.com\\\/de\\\/?s={search_term_string}\"},\"query-input\":{\"@type\":\"PropertyValueSpecification\",\"valueRequired\":true,\"valueName\":\"search_term_string\"}}],\"inLanguage\":\"de\"},{\"@type\":\"Organization\",\"@id\":\"https:\\\/\\\/www.oldebolhaar.com\\\/de\\\/#organization\",\"name\":\"Olde Bolhaar Eco Service\",\"url\":\"https:\\\/\\\/www.oldebolhaar.com\\\/de\\\/\",\"logo\":{\"@type\":\"ImageObject\",\"inLanguage\":\"de\",\"@id\":\"https:\\\/\\\/www.oldebolhaar.com\\\/de\\\/#\\\/schema\\\/logo\\\/image\\\/\",\"url\":\"https:\\\/\\\/www.oldebolhaar.com\\\/wp-content\\\/uploads\\\/2018\\\/04\\\/olde-bolhaar-logo.png\",\"contentUrl\":\"https:\\\/\\\/www.oldebolhaar.com\\\/wp-content\\\/uploads\\\/2018\\\/04\\\/olde-bolhaar-logo.png\",\"width\":1200,\"height\":403,\"caption\":\"Olde Bolhaar Eco Service\"},\"image\":{\"@id\":\"https:\\\/\\\/www.oldebolhaar.com\\\/de\\\/#\\\/schema\\\/logo\\\/image\\\/\"},\"sameAs\":[\"https:\\\/\\\/www.facebook.com\\\/Oldebolhaar\\\/\",\"https:\\\/\\\/www.linkedin.com\\\/company\\\/olde-bolhaar-eco-service-gmbh\\\/\"]}]}<\/script>\n<!-- \/ Yoast SEO plugin. -->","yoast_head_json":{"title":"Verwertung kontaminierter Sieb\u00fcberl\u00e4ufe - Olde Bolhaar","description":"Olde Bolhaar verf\u00fcgt an den Unternehmensstandorten \u00fcber spezielle Sortierlinien um beispielsweise Kunststoffe oder Steine vom Gr\u00fcnmaterial zu trennen.","robots":{"index":"index","follow":"follow","max-snippet":"max-snippet:-1","max-image-preview":"max-image-preview:large","max-video-preview":"max-video-preview:-1"},"canonical":"https:\/\/www.oldebolhaar.com\/de\/dienstleistungen\/verwertung-kontaminierter-siebueberlaeufe\/","og_locale":"de_DE","og_type":"article","og_title":"Verwertung kontaminierter Sieb\u00fcberl\u00e4ufe - Olde Bolhaar","og_description":"Olde Bolhaar verf\u00fcgt an den Unternehmensstandorten \u00fcber spezielle Sortierlinien um beispielsweise Kunststoffe oder Steine vom Gr\u00fcnmaterial zu trennen.","og_url":"https:\/\/www.oldebolhaar.com\/de\/dienstleistungen\/verwertung-kontaminierter-siebueberlaeufe\/","og_site_name":"Olde Bolhaar","article_publisher":"https:\/\/www.facebook.com\/Oldebolhaar\/","article_modified_time":"2018-09-21T11:37:50+00:00","twitter_card":"summary_large_image","twitter_misc":{"Gesch\u00e4tzte Lesezeit":"1\u00a0Minute"},"schema":{"@context":"https:\/\/schema.org","@graph":[{"@type":"WebPage","@id":"https:\/\/www.oldebolhaar.com\/de\/dienstleistungen\/verwertung-kontaminierter-siebueberlaeufe\/","url":"https:\/\/www.oldebolhaar.com\/de\/dienstleistungen\/verwertung-kontaminierter-siebueberlaeufe\/","name":"Verwertung kontaminierter Sieb\u00fcberl\u00e4ufe - Olde Bolhaar","isPartOf":{"@id":"https:\/\/www.oldebolhaar.com\/de\/#website"},"datePublished":"2018-05-01T08:44:02+00:00","dateModified":"2018-09-21T11:37:50+00:00","description":"Olde Bolhaar verf\u00fcgt an den Unternehmensstandorten \u00fcber spezielle Sortierlinien um beispielsweise Kunststoffe oder Steine vom Gr\u00fcnmaterial zu trennen.","breadcrumb":{"@id":"https:\/\/www.oldebolhaar.com\/de\/dienstleistungen\/verwertung-kontaminierter-siebueberlaeufe\/#breadcrumb"},"inLanguage":"de","potentialAction":[{"@type":"ReadAction","target":["https:\/\/www.oldebolhaar.com\/de\/dienstleistungen\/verwertung-kontaminierter-siebueberlaeufe\/"]}]},{"@type":"BreadcrumbList","@id":"https:\/\/www.oldebolhaar.com\/de\/dienstleistungen\/verwertung-kontaminierter-siebueberlaeufe\/#breadcrumb","itemListElement":[{"@type":"ListItem","position":1,"name":"Home","item":"https:\/\/www.oldebolhaar.com\/de\/"},{"@type":"ListItem","position":2,"name":"Dienstleistungen","item":"https:\/\/www.oldebolhaar.com\/de\/dienstleistungen\/"},{"@type":"ListItem","position":3,"name":"Verwertung kontaminierter Sieb\u00fcberl\u00e4ufe"}]},{"@type":"WebSite","@id":"https:\/\/www.oldebolhaar.com\/de\/#website","url":"https:\/\/www.oldebolhaar.com\/de\/","name":"Olde Bolhaar","description":"Creators of Green Soil","publisher":{"@id":"https:\/\/www.oldebolhaar.com\/de\/#organization"},"potentialAction":[{"@type":"SearchAction","target":{"@type":"EntryPoint","urlTemplate":"https:\/\/www.oldebolhaar.com\/de\/?s={search_term_string}"},"query-input":{"@type":"PropertyValueSpecification","valueRequired":true,"valueName":"search_term_string"}}],"inLanguage":"de"},{"@type":"Organization","@id":"https:\/\/www.oldebolhaar.com\/de\/#organization","name":"Olde Bolhaar Eco Service","url":"https:\/\/www.oldebolhaar.com\/de\/","logo":{"@type":"ImageObject","inLanguage":"de","@id":"https:\/\/www.oldebolhaar.com\/de\/#\/schema\/logo\/image\/","url":"https:\/\/www.oldebolhaar.com\/wp-content\/uploads\/2018\/04\/olde-bolhaar-logo.png","contentUrl":"https:\/\/www.oldebolhaar.com\/wp-content\/uploads\/2018\/04\/olde-bolhaar-logo.png","width":1200,"height":403,"caption":"Olde Bolhaar Eco Service"},"image":{"@id":"https:\/\/www.oldebolhaar.com\/de\/#\/schema\/logo\/image\/"},"sameAs":["https:\/\/www.facebook.com\/Oldebolhaar\/","https:\/\/www.linkedin.com\/company\/olde-bolhaar-eco-service-gmbh\/"]}]}},"_links":{"self":[{"href":"https:\/\/www.oldebolhaar.com\/de\/wp-json\/wp\/v2\/pages\/3504","targetHints":{"allow":["GET"]}}],"collection":[{"href":"https:\/\/www.oldebolhaar.com\/de\/wp-json\/wp\/v2\/pages"}],"about":[{"href":"https:\/\/www.oldebolhaar.com\/de\/wp-json\/wp\/v2\/types\/page"}],"author":[{"embeddable":true,"href":"https:\/\/www.oldebolhaar.com\/de\/wp-json\/wp\/v2\/users\/6"}],"replies":[{"embeddable":true,"href":"https:\/\/www.oldebolhaar.com\/de\/wp-json\/wp\/v2\/comments?post=3504"}],"version-history":[{"count":1,"href":"https:\/\/www.oldebolhaar.com\/de\/wp-json\/wp\/v2\/pages\/3504\/revisions"}],"predecessor-version":[{"id":3505,"href":"https:\/\/www.oldebolhaar.com\/de\/wp-json\/wp\/v2\/pages\/3504\/revisions\/3505"}],"up":[{"embeddable":true,"href":"https:\/\/www.oldebolhaar.com\/de\/wp-json\/wp\/v2\/pages\/3466"}],"wp:attachment":[{"href":"https:\/\/www.oldebolhaar.com\/de\/wp-json\/wp\/v2\/media?parent=3504"}],"curies":[{"name":"wp","href":"https:\/\/api.w.org\/{rel}","templated":true}]}}