{"id":3508,"date":"2018-04-26T14:09:28","date_gmt":"2018-04-26T12:09:28","guid":{"rendered":"https:\/\/www.oldebolhaar.com\/produkte\/biomassa\/"},"modified":"2025-03-19T10:53:09","modified_gmt":"2025-03-19T09:53:09","slug":"biomasse","status":"publish","type":"page","link":"https:\/\/www.oldebolhaar.com\/de\/produkte\/biomasse\/","title":{"rendered":"Biomasse"},"content":{"rendered":"<div class=\"wpb-content-wrapper\"><p>[vc_row seperator_enable=&#8220;seperator_enable_value&#8220; seperator_type=&#8220;tilt_left_seperator&#8220; seperator_position=&#8220;bottom_seperator&#8220; seperator_svg_height=&#8220;100&#8243; seperator_shape_background=&#8220;#ffffff&#8220; css=&#8220;.vc_custom_1525163374073{margin-bottom: 30px !important;}&#8220;][vc_column][vc_custom_heading text=&#8220;Biomasse&#8220; font_container=&#8220;tag:h1|font_size:40|text_align:left&#8220; use_theme_fonts=&#8220;yes&#8220; css=&#8220;.vc_custom_1742377971042{margin-bottom: 60px !important;}&#8220; el_class=&#8220;title&#8220;][vc_row_inner][vc_column_inner width=&#8220;1\/2&#8243;][vc_column_text]<span lang=\"EN-US\">Biomasse wird zur Erzeugung von W\u00e4rme und Strom in Verbrennungsanlagen genutzt. Olde Bolhaar liefert Biomasse in Form von Holzchips und Hackschnitzeln, haupts\u00e4chlich aus Schnittholz. Zu den Kunden z\u00e4hlen Unternehmen der Gew\u00e4chshausbewirtschaftung und des Gartenbaus sowie Industrieunternehmen.<\/span>[\/vc_column_text][\/vc_column_inner][vc_column_inner width=&#8220;1\/2&#8243;][vc_single_image image=&#8220;2460&#8243; img_size=&#8220;full&#8220; alignment=&#8220;center&#8220;][\/vc_column_inner][\/vc_row_inner][\/vc_column][\/vc_row][vc_row seperator_enable=&#8220;seperator_enable_value&#8220; seperator_type=&#8220;tilt_left_seperator&#8220; seperator_position=&#8220;bottom_seperator&#8220; seperator_svg_height=&#8220;100&#8243; seperator_shape_background=&#8220;#ffffff&#8220; css=&#8220;.vc_custom_1525163374073{margin-bottom: 30px !important;}&#8220;][vc_column][vc_custom_heading text=&#8220;Holzhackschnitzel&#8220; font_container=&#8220;tag:h1|font_size:40|text_align:left&#8220; use_theme_fonts=&#8220;yes&#8220; css=&#8220;.vc_custom_1742377984851{margin-bottom: 60px !important;}&#8220; el_class=&#8220;title&#8220;][vc_row_inner][vc_column_inner width=&#8220;1\/2&#8243;][vc_column_text]Bei Olde Bolhaar werden B\u00e4ume und \u00c4ste, zum Beispiel aus Waldparzellen, zu Hackschnitzeln verarbeitet. Sehr gut geeignet f\u00fcr den Kamin, aber auch f\u00fcr den Bau von Naturwanderwegen in W\u00e4ldern und Parks. Wir liefern folgende Typen und Gr\u00f6\u00dfen:<\/p>\n<ul>\n<li>Hackschnitzel, Gr\u00f6\u00dfe 0-50 mm<\/li>\n<li>Baumsp\u00e4ne aus Nadelholz, Format 6-10 mm (Mikrochips)<\/li>\n<li>Baumsp\u00e4ne aus Nadelholz, Format 10-25 mm<\/li>\n<\/ul>\n<p>[\/vc_column_text][\/vc_column_inner][vc_column_inner width=&#8220;1\/2&#8243;][vc_single_image image=&#8220;3330&#8243; img_size=&#8220;full&#8220; alignment=&#8220;center&#8220;][\/vc_column_inner][\/vc_row_inner][\/vc_column][\/vc_row]<\/p>\n<\/div>","protected":false},"excerpt":{"rendered":"<p>[vc_row seperator_enable=&#8220;seperator_enable_value&#8220; seperator_type=&#8220;tilt_left_seperator&#8220; seperator_position=&#8220;bottom_seperator&#8220; seperator_svg_height=&#8220;100&#8243; seperator_shape_background=&#8220;#ffffff&#8220; css=&#8220;.vc_custom_1525163374073{margin-bottom: 30px !important;}&#8220;][vc_column][vc_custom_heading text=&#8220;Biomasse&#8220; font_container=&#8220;tag:h1|font_size:40|text_align:left&#8220; use_theme_fonts=&#8220;yes&#8220; css=&#8220;.vc_custom_1742377971042{margin-bottom: 60px !important;}&#8220; el_class=&#8220;title&#8220;][vc_row_inner][vc_column_inner width=&#8220;1\/2&#8243;][vc_column_text]Biomasse wird zur Erzeugung von W\u00e4rme und Strom in Verbrennungsanlagen genutzt. Olde Bolhaar liefert Biomasse in Form von Holzchips und Hackschnitzeln, haupts\u00e4chlich aus Schnittholz. &hellip;<\/p>\n","protected":false},"author":6,"featured_media":0,"parent":3471,"menu_order":0,"comment_status":"closed","ping_status":"closed","template":"","meta":{"_monsterinsights_skip_tracking":false,"_monsterinsights_sitenote_active":false,"_monsterinsights_sitenote_note":"","_monsterinsights_sitenote_category":0,"footnotes":""},"class_list":["post-3508","page","type-page","status-publish","hentry"],"yoast_head":"<!-- This site is optimized with the Yoast SEO plugin v27.5 - https:\/\/yoast.com\/product\/yoast-seo-wordpress\/ -->\n<title>Biomasse - Olde Bolhaar<\/title>\n<meta name=\"description\" content=\"Biomasse wird zur Erzeugung von W\u00e4rme und Strom in Verbrennungsanlagen genutzt. Olde Bolhaar liefert Biomasse in Form von Holzchips und Hackschnitzeln.\" \/>\n<meta name=\"robots\" content=\"index, follow, max-snippet:-1, max-image-preview:large, max-video-preview:-1\" \/>\n<link rel=\"canonical\" href=\"https:\/\/www.oldebolhaar.com\/de\/produkte\/biomasse\/\" \/>\n<meta property=\"og:locale\" content=\"de_DE\" \/>\n<meta property=\"og:type\" content=\"article\" \/>\n<meta property=\"og:title\" content=\"Biomasse - Olde Bolhaar\" \/>\n<meta property=\"og:description\" content=\"Biomasse wird zur Erzeugung von W\u00e4rme und Strom in Verbrennungsanlagen genutzt. Olde Bolhaar liefert Biomasse in Form von Holzchips und Hackschnitzeln.\" \/>\n<meta property=\"og:url\" content=\"https:\/\/www.oldebolhaar.com\/de\/produkte\/biomasse\/\" \/>\n<meta property=\"og:site_name\" content=\"Olde Bolhaar\" \/>\n<meta property=\"article:publisher\" content=\"https:\/\/www.facebook.com\/Oldebolhaar\/\" \/>\n<meta property=\"article:modified_time\" content=\"2025-03-19T09:53:09+00:00\" \/>\n<meta name=\"twitter:card\" content=\"summary_large_image\" \/>\n<meta name=\"twitter:label1\" content=\"Gesch\u00e4tzte Lesezeit\" \/>\n\t<meta name=\"twitter:data1\" content=\"1\u00a0Minute\" \/>\n<script type=\"application\/ld+json\" class=\"yoast-schema-graph\">{\"@context\":\"https:\\\/\\\/schema.org\",\"@graph\":[{\"@type\":\"WebPage\",\"@id\":\"https:\\\/\\\/www.oldebolhaar.com\\\/de\\\/produkte\\\/biomasse\\\/\",\"url\":\"https:\\\/\\\/www.oldebolhaar.com\\\/de\\\/produkte\\\/biomasse\\\/\",\"name\":\"Biomasse - Olde Bolhaar\",\"isPartOf\":{\"@id\":\"https:\\\/\\\/www.oldebolhaar.com\\\/de\\\/#website\"},\"datePublished\":\"2018-04-26T12:09:28+00:00\",\"dateModified\":\"2025-03-19T09:53:09+00:00\",\"description\":\"Biomasse wird zur Erzeugung von W\u00e4rme und Strom in Verbrennungsanlagen genutzt. Olde Bolhaar liefert Biomasse in Form von Holzchips und Hackschnitzeln.\",\"breadcrumb\":{\"@id\":\"https:\\\/\\\/www.oldebolhaar.com\\\/de\\\/produkte\\\/biomasse\\\/#breadcrumb\"},\"inLanguage\":\"de\",\"potentialAction\":[{\"@type\":\"ReadAction\",\"target\":[\"https:\\\/\\\/www.oldebolhaar.com\\\/de\\\/produkte\\\/biomasse\\\/\"]}]},{\"@type\":\"BreadcrumbList\",\"@id\":\"https:\\\/\\\/www.oldebolhaar.com\\\/de\\\/produkte\\\/biomasse\\\/#breadcrumb\",\"itemListElement\":[{\"@type\":\"ListItem\",\"position\":1,\"name\":\"Home\",\"item\":\"https:\\\/\\\/www.oldebolhaar.com\\\/de\\\/\"},{\"@type\":\"ListItem\",\"position\":2,\"name\":\"Produkte\",\"item\":\"https:\\\/\\\/www.oldebolhaar.com\\\/de\\\/produkte\\\/\"},{\"@type\":\"ListItem\",\"position\":3,\"name\":\"Biomasse\"}]},{\"@type\":\"WebSite\",\"@id\":\"https:\\\/\\\/www.oldebolhaar.com\\\/de\\\/#website\",\"url\":\"https:\\\/\\\/www.oldebolhaar.com\\\/de\\\/\",\"name\":\"Olde Bolhaar\",\"description\":\"Creators of Green Soil\",\"publisher\":{\"@id\":\"https:\\\/\\\/www.oldebolhaar.com\\\/de\\\/#organization\"},\"potentialAction\":[{\"@type\":\"SearchAction\",\"target\":{\"@type\":\"EntryPoint\",\"urlTemplate\":\"https:\\\/\\\/www.oldebolhaar.com\\\/de\\\/?s={search_term_string}\"},\"query-input\":{\"@type\":\"PropertyValueSpecification\",\"valueRequired\":true,\"valueName\":\"search_term_string\"}}],\"inLanguage\":\"de\"},{\"@type\":\"Organization\",\"@id\":\"https:\\\/\\\/www.oldebolhaar.com\\\/de\\\/#organization\",\"name\":\"Olde Bolhaar Eco Service\",\"url\":\"https:\\\/\\\/www.oldebolhaar.com\\\/de\\\/\",\"logo\":{\"@type\":\"ImageObject\",\"inLanguage\":\"de\",\"@id\":\"https:\\\/\\\/www.oldebolhaar.com\\\/de\\\/#\\\/schema\\\/logo\\\/image\\\/\",\"url\":\"https:\\\/\\\/www.oldebolhaar.com\\\/wp-content\\\/uploads\\\/2018\\\/04\\\/olde-bolhaar-logo.png\",\"contentUrl\":\"https:\\\/\\\/www.oldebolhaar.com\\\/wp-content\\\/uploads\\\/2018\\\/04\\\/olde-bolhaar-logo.png\",\"width\":1200,\"height\":403,\"caption\":\"Olde Bolhaar Eco Service\"},\"image\":{\"@id\":\"https:\\\/\\\/www.oldebolhaar.com\\\/de\\\/#\\\/schema\\\/logo\\\/image\\\/\"},\"sameAs\":[\"https:\\\/\\\/www.facebook.com\\\/Oldebolhaar\\\/\",\"https:\\\/\\\/www.linkedin.com\\\/company\\\/olde-bolhaar-eco-service-gmbh\\\/\"]}]}<\/script>\n<!-- \/ Yoast SEO plugin. -->","yoast_head_json":{"title":"Biomasse - Olde Bolhaar","description":"Biomasse wird zur Erzeugung von W\u00e4rme und Strom in Verbrennungsanlagen genutzt. Olde Bolhaar liefert Biomasse in Form von Holzchips und Hackschnitzeln.","robots":{"index":"index","follow":"follow","max-snippet":"max-snippet:-1","max-image-preview":"max-image-preview:large","max-video-preview":"max-video-preview:-1"},"canonical":"https:\/\/www.oldebolhaar.com\/de\/produkte\/biomasse\/","og_locale":"de_DE","og_type":"article","og_title":"Biomasse - Olde Bolhaar","og_description":"Biomasse wird zur Erzeugung von W\u00e4rme und Strom in Verbrennungsanlagen genutzt. Olde Bolhaar liefert Biomasse in Form von Holzchips und Hackschnitzeln.","og_url":"https:\/\/www.oldebolhaar.com\/de\/produkte\/biomasse\/","og_site_name":"Olde Bolhaar","article_publisher":"https:\/\/www.facebook.com\/Oldebolhaar\/","article_modified_time":"2025-03-19T09:53:09+00:00","twitter_card":"summary_large_image","twitter_misc":{"Gesch\u00e4tzte Lesezeit":"1\u00a0Minute"},"schema":{"@context":"https:\/\/schema.org","@graph":[{"@type":"WebPage","@id":"https:\/\/www.oldebolhaar.com\/de\/produkte\/biomasse\/","url":"https:\/\/www.oldebolhaar.com\/de\/produkte\/biomasse\/","name":"Biomasse - Olde Bolhaar","isPartOf":{"@id":"https:\/\/www.oldebolhaar.com\/de\/#website"},"datePublished":"2018-04-26T12:09:28+00:00","dateModified":"2025-03-19T09:53:09+00:00","description":"Biomasse wird zur Erzeugung von W\u00e4rme und Strom in Verbrennungsanlagen genutzt. Olde Bolhaar liefert Biomasse in Form von Holzchips und Hackschnitzeln.","breadcrumb":{"@id":"https:\/\/www.oldebolhaar.com\/de\/produkte\/biomasse\/#breadcrumb"},"inLanguage":"de","potentialAction":[{"@type":"ReadAction","target":["https:\/\/www.oldebolhaar.com\/de\/produkte\/biomasse\/"]}]},{"@type":"BreadcrumbList","@id":"https:\/\/www.oldebolhaar.com\/de\/produkte\/biomasse\/#breadcrumb","itemListElement":[{"@type":"ListItem","position":1,"name":"Home","item":"https:\/\/www.oldebolhaar.com\/de\/"},{"@type":"ListItem","position":2,"name":"Produkte","item":"https:\/\/www.oldebolhaar.com\/de\/produkte\/"},{"@type":"ListItem","position":3,"name":"Biomasse"}]},{"@type":"WebSite","@id":"https:\/\/www.oldebolhaar.com\/de\/#website","url":"https:\/\/www.oldebolhaar.com\/de\/","name":"Olde Bolhaar","description":"Creators of Green Soil","publisher":{"@id":"https:\/\/www.oldebolhaar.com\/de\/#organization"},"potentialAction":[{"@type":"SearchAction","target":{"@type":"EntryPoint","urlTemplate":"https:\/\/www.oldebolhaar.com\/de\/?s={search_term_string}"},"query-input":{"@type":"PropertyValueSpecification","valueRequired":true,"valueName":"search_term_string"}}],"inLanguage":"de"},{"@type":"Organization","@id":"https:\/\/www.oldebolhaar.com\/de\/#organization","name":"Olde Bolhaar Eco Service","url":"https:\/\/www.oldebolhaar.com\/de\/","logo":{"@type":"ImageObject","inLanguage":"de","@id":"https:\/\/www.oldebolhaar.com\/de\/#\/schema\/logo\/image\/","url":"https:\/\/www.oldebolhaar.com\/wp-content\/uploads\/2018\/04\/olde-bolhaar-logo.png","contentUrl":"https:\/\/www.oldebolhaar.com\/wp-content\/uploads\/2018\/04\/olde-bolhaar-logo.png","width":1200,"height":403,"caption":"Olde Bolhaar Eco Service"},"image":{"@id":"https:\/\/www.oldebolhaar.com\/de\/#\/schema\/logo\/image\/"},"sameAs":["https:\/\/www.facebook.com\/Oldebolhaar\/","https:\/\/www.linkedin.com\/company\/olde-bolhaar-eco-service-gmbh\/"]}]}},"_links":{"self":[{"href":"https:\/\/www.oldebolhaar.com\/de\/wp-json\/wp\/v2\/pages\/3508","targetHints":{"allow":["GET"]}}],"collection":[{"href":"https:\/\/www.oldebolhaar.com\/de\/wp-json\/wp\/v2\/pages"}],"about":[{"href":"https:\/\/www.oldebolhaar.com\/de\/wp-json\/wp\/v2\/types\/page"}],"author":[{"embeddable":true,"href":"https:\/\/www.oldebolhaar.com\/de\/wp-json\/wp\/v2\/users\/6"}],"replies":[{"embeddable":true,"href":"https:\/\/www.oldebolhaar.com\/de\/wp-json\/wp\/v2\/comments?post=3508"}],"version-history":[{"count":3,"href":"https:\/\/www.oldebolhaar.com\/de\/wp-json\/wp\/v2\/pages\/3508\/revisions"}],"predecessor-version":[{"id":4392,"href":"https:\/\/www.oldebolhaar.com\/de\/wp-json\/wp\/v2\/pages\/3508\/revisions\/4392"}],"up":[{"embeddable":true,"href":"https:\/\/www.oldebolhaar.com\/de\/wp-json\/wp\/v2\/pages\/3471"}],"wp:attachment":[{"href":"https:\/\/www.oldebolhaar.com\/de\/wp-json\/wp\/v2\/media?parent=3508"}],"curies":[{"name":"wp","href":"https:\/\/api.w.org\/{rel}","templated":true}]}}