{"id":4001,"date":"2021-05-27T11:06:53","date_gmt":"2021-05-27T09:06:53","guid":{"rendered":"https:\/\/www.oldebolhaar.com\/locaties-en-contact\/bad-bentheim\/"},"modified":"2022-07-15T09:55:31","modified_gmt":"2022-07-15T07:55:31","slug":"bad-bentheim","status":"publish","type":"page","link":"https:\/\/www.oldebolhaar.com\/de\/kontakt\/bad-bentheim\/","title":{"rendered":"Bad Bentheim (DE)"},"content":{"rendered":"<div class=\"wpb-content-wrapper\"><p>[vc_row full_width=&#8220;stretch_row&#8220; bg_type=&#8220;bg_color&#8220; css=&#8220;.vc_custom_1622110173288{padding-top: 60px !important;padding-bottom: 60px !important;}&#8220;][vc_column][vc_row_inner][vc_column_inner width=&#8220;1\/2&#8243;][vc_single_image image=&#8220;2824&#8243; img_size=&#8220;large&#8220;][\/vc_column_inner][vc_column_inner width=&#8220;1\/2&#8243;][vc_custom_heading text=&#8220;\u00dcber diesen Standort&#8220; font_container=&#8220;tag:h1|font_size:32px|text_align:left|line_height:1.4&#8243; use_theme_fonts=&#8220;yes&#8220; el_class=&#8220;title&#8220;][vc_column_text]Der Hauptsitz von Olde Bolhaar Eco Service befindet sich in der Fahlstiege 16 in Gildehaus. An diesem Standort werden Gr\u00fcnabf\u00e4lle kompostiert und unter anderem zu Bodenverbesserern wie Kompost und verschiedenen Biomasseprodukten verarbeitet. Hier k\u00f6nnen Sie als Privatperson \u00fcbersch\u00fcssige Gr\u00fcnabf\u00e4lle abgeben und verschiedene Kompostsorten zur Verwendung im eigenen Garten kaufen! Bei Fragen zum An- und Verkauf von Gr\u00fcnschnitt und Bodenverbesserern k\u00f6nnen Sie uns \u00fcber die unten stehenden Kontaktdaten erreichen.[\/vc_column_text][vc_tta_accordion style=&#8220;anps-style-1&#8243; shape=&#8220;square&#8220; color=&#8220;white&#8220; c_position=&#8220;right&#8220; active_section=&#8220;0&#8243;][vc_tta_section title=&#8220;Privat&#8220;][vc_column_text]<\/p>\n<ul>\n<li>Zu verkaufen: verschiedene Arten von <a href=\"https:\/\/www.oldebolhaar.com\/de\/produkte\/bodenverbesserer\/\">Kompost<\/a>.<\/li>\n<\/ul>\n<p>[\/vc_column_text][\/vc_tta_section][vc_tta_section title=&#8220;Business&#8220; tab_id=&#8220;1622109428316-06faece5-00b0&#8243;][vc_column_text]<\/p>\n<ul>\n<li>Zu verkaufen: verschiedene Arten von Kompost und Bodenverbesserungsmitteln.<\/li>\n<\/ul>\n<p>[\/vc_column_text][\/vc_tta_section][\/vc_tta_accordion][\/vc_column_inner][\/vc_row_inner][\/vc_column][\/vc_row][vc_row full_width=&#8220;stretch_row&#8220; bg_type=&#8220;bg_color&#8220; bg_color_value=&#8220;#ededed&#8220; css=&#8220;.vc_custom_1622110354810{padding-top: 40px !important;padding-bottom: 40px !important;}&#8220;][vc_column][vc_row_inner][vc_column_inner width=&#8220;1\/3&#8243;][vc_custom_heading text=&#8220;\u00d6ffnungszeiten&#8220; font_container=&#8220;tag:h1|font_size:24px|text_align:left&#8220; use_theme_fonts=&#8220;yes&#8220; el_class=&#8220;title&#8220; css=&#8220;.vc_custom_1628068753453{margin-bottom: 60px !important;}&#8220;][vc_column_text]Montag \u2013 7:00 &#8211; 17:00 Uhr<br \/>\nDienstag \u2013 7:00 &#8211; 17:00 Uhr<br \/>\nMittwoch &#8211; 7:00 &#8211; 17:00 Uhr<br \/>\nDonnerstag &#8211; 7:00 &#8211; 17:00 Uhr<br \/>\nFreitag &#8211; 7:00 &#8211; 17:00 Uhr<br \/>\nSamstag \u2013 9:00 &#8211; 12:00 Uhr<br \/>\nSonntag \u2013 Geschlossen[\/vc_column_text][\/vc_column_inner][vc_column_inner width=&#8220;1\/3&#8243;][vc_custom_heading text=&#8220;Anschrift&#8220; font_container=&#8220;tag:h1|font_size:24px|text_align:left&#8220; use_theme_fonts=&#8220;yes&#8220; el_class=&#8220;title&#8220; css=&#8220;.vc_custom_1628068713202{margin-bottom: 60px !important;}&#8220;][vc_column_text]Olde Bolhaar Eco-Service GmbH<br \/>\nFahlstiege 16<br \/>\n48455 Bad Bentheim[\/vc_column_text][\/vc_column_inner][vc_column_inner width=&#8220;1\/3&#8243;][vc_custom_heading text=&#8220;Kontact&#8220; font_container=&#8220;tag:h1|font_size:24px|text_align:left&#8220; use_theme_fonts=&#8220;yes&#8220; el_class=&#8220;title&#8220; css=&#8220;.vc_custom_1628068720019{margin-bottom: 60px !important;}&#8220;][vc_column_text]Tel. +49 (0)5924 7887-0<br \/>\nFax. +49 (0)5924 7887-19<br \/>\n<a href=\"mailto:info@oldebolhaar.de\">info@oldebolhaar.de<\/a>[\/vc_column_text][\/vc_column_inner][\/vc_row_inner][\/vc_column][\/vc_row][vc_row full_width=&#8220;stretch_row&#8220; bg_type=&#8220;bg_color&#8220; bg_color_value=&#8220;#000000&#8243; css=&#8220;.vc_custom_1622110360334{padding-top: 40px !important;padding-bottom: 40px !important;}&#8220;][vc_column][vc_row_inner content_placement=&#8220;top&#8220; css=&#8220;.vc_custom_1524483215955{background-position: center !important;background-repeat: no-repeat !important;background-size: cover !important;}&#8220;][vc_column_inner width=&#8220;1\/2&#8243;][vc_custom_heading text=&#8220;Fragen und \/ oder Anmerkungen?&#8220; font_container=&#8220;tag:h1|text_align:left|color:%23ffffff&#8220; use_theme_fonts=&#8220;yes&#8220; el_class=&#8220;title&#8220; css=&#8220;.vc_custom_1628066661321{margin-bottom: 60px !important;}&#8220;][vc_column_text el_class=&#8220;brood-zwart&#8220;]Haben Sie eine Frage zu unseren Produkten oder m\u00f6chten auch Sie Ihre Gr\u00fcnabf\u00e4lle verantwortungsbewusst und umweltfreundlich verarbeiten lassen? Bitte f\u00fcllen Sie das Kontaktformular aus oder senden Sie eine E-Mail an <a href=\"mailto:info@oldebolhaar.de\">info@oldebolhaar.de<\/a>.[\/vc_column_text][\/vc_column_inner][vc_column_inner el_class=&#8220;no-margin-mobile no-padding-mobile&#8220; width=&#8220;1\/2&#8243;]\n<div class=\"wpcf7 no-js\" id=\"wpcf7-f3489-o1\" lang=\"nl-NL\" dir=\"ltr\" data-wpcf7-id=\"3489\">\n<div class=\"screen-reader-response\"><p role=\"status\" aria-live=\"polite\" aria-atomic=\"true\"><\/p> <ul><\/ul><\/div>\n<form action=\"\/de\/wp-json\/wp\/v2\/pages\/4001#wpcf7-f3489-o1\" method=\"post\" class=\"wpcf7-form init\" aria-label=\"Contactformulier\" novalidate=\"novalidate\" data-status=\"init\">\n<fieldset class=\"hidden-fields-container\"><input type=\"hidden\" name=\"_wpcf7\" value=\"3489\" \/><input type=\"hidden\" name=\"_wpcf7_version\" value=\"6.1.5\" \/><input type=\"hidden\" name=\"_wpcf7_locale\" value=\"nl_NL\" \/><input type=\"hidden\" name=\"_wpcf7_unit_tag\" value=\"wpcf7-f3489-o1\" \/><input type=\"hidden\" name=\"_wpcf7_container_post\" value=\"0\" \/><input type=\"hidden\" name=\"_wpcf7_posted_data_hash\" value=\"\" \/><input type=\"hidden\" name=\"_wpcf7_recaptcha_response\" value=\"\" \/>\n<\/fieldset>\n<div class=\"row\">\n\t<fieldset class=\"form-group col-md-12\">\n\t\t<p><span class=\"wpcf7-form-control-wrap\" data-name=\"your-name\"><input size=\"40\" maxlength=\"400\" class=\"wpcf7-form-control wpcf7-text wpcf7-validates-as-required\" aria-required=\"true\" aria-invalid=\"false\" placeholder=\"Vor- und Nachname*\" value=\"\" type=\"text\" name=\"your-name\" \/><\/span>\n\t\t<\/p>\n\t<\/fieldset>\n\t<fieldset class=\"form-group col-md-12\">\n\t\t<p><span class=\"wpcf7-form-control-wrap\" data-name=\"your-email\"><input size=\"40\" maxlength=\"400\" class=\"wpcf7-form-control wpcf7-email wpcf7-validates-as-required wpcf7-text wpcf7-validates-as-email\" aria-required=\"true\" aria-invalid=\"false\" placeholder=\"E-Mail-Adresse*\" value=\"\" type=\"email\" name=\"your-email\" \/><\/span>\n\t\t<\/p>\n\t<\/fieldset>\n\t<fieldset class=\"form-group col-md-12\">\n\t\t<p><span class=\"wpcf7-form-control-wrap\" data-name=\"your-subject\"><input size=\"40\" maxlength=\"400\" class=\"wpcf7-form-control wpcf7-text wpcf7-validates-as-required\" aria-required=\"true\" aria-invalid=\"false\" placeholder=\"F\u00fcr welche Stelle bewerben Sie sich*\" value=\"\" type=\"text\" name=\"your-subject\" \/><\/span>\n\t\t<\/p>\n\t<\/fieldset>\n\t<fieldset class=\"form-group col-md-12\">\n\t\t<p><span class=\"wpcf7-form-control-wrap\" data-name=\"your-message\"><textarea cols=\"40\" rows=\"10\" maxlength=\"2000\" class=\"wpcf7-form-control wpcf7-textarea wpcf7-validates-as-required\" aria-required=\"true\" aria-invalid=\"false\" placeholder=\"Nachricht*\" name=\"your-message\"><\/textarea><\/span>\n\t\t<\/p>\n\t<\/fieldset>\n\t<fieldset class=\"form-group col-md-12\">\n\t\t<p><input class=\"wpcf7-form-control wpcf7-submit has-spinner btn btn-normal btn-md\" type=\"submit\" value=\"Abschicken\" \/>\n\t\t<\/p>\n\t<\/fieldset>\n<\/div><div class=\"wpcf7-response-output\" aria-hidden=\"true\"><\/div>\n<\/form>\n<\/div>\n[\/vc_column_inner][\/vc_row_inner][\/vc_column][\/vc_row][vc_row full_width=&#8220;stretch_row_content_no_spaces&#8220;][vc_column css=&#8220;.vc_custom_1618922426364{padding-top: 0px !important;}&#8220;]\n            <div \n                class=\"elfsight-widget-google-maps elfsight-widget\" \n                data-elfsight-google-maps-options=\"%7B%22categoriesEnabled%22%3Afalse%2C%22categories%22%3A%5B%5D%2C%22icons%22%3A%5B%5D%2C%22lang%22%3A%22en%22%2C%22distanceUnits%22%3A%22mi%22%2C%22markers%22%3A%5B%7B%22position%22%3A%22Fahlstiege%2016%22%2C%22coordinates%22%3A%2252.31304%2C%207.087690000000066%22%2C%22icon%22%3A%22custom%22%2C%22iconUrl%22%3A%22https%3A%5C%2F%5C%2Fwww.oldebolhaar.com%5C%2Fwp-content%5C%2Fuploads%5C%2F2018%5C%2F04%5C%2Folde-bolhaar-map-marker.png%22%2C%22infoWindow%22%3Afalse%2C%22infoTitle%22%3A%22Olde%20Bolhaar%20Bad%20Bentheim%5C%2FGildehaus%22%2C%22infoDescription%22%3A%22%22%2C%22infoImage%22%3A%22%22%2C%22infoAddress%22%3A%22%22%2C%22infoSite%22%3A%22%22%2C%22infoPhone%22%3A%22%22%2C%22infoEmail%22%3A%22%22%2C%22infoWorkingHours%22%3A%22%22%2C%22infoDirections%22%3Atrue%2C%22infoWindowOpenedByDefault%22%3Afalse%2C%22animation%22%3A%22none%22%2C%22linkUrl%22%3A%22https%3A%5C%2F%5C%2Fwww.oldebolhaar.com%5C%2Fde%5C%2Fkontakt%5C%2F%22%7D%2C%7B%22position%22%3A%22Wassinkbrinkweg%2011%22%2C%22coordinates%22%3A%2251.99273909999999%2C%206.324157700000001%22%2C%22icon%22%3A%22custom%22%2C%22iconUrl%22%3A%22https%3A%5C%2F%5C%2Fwww.oldebolhaar.com%5C%2Fwp-content%5C%2Fuploads%5C%2F2018%5C%2F04%5C%2Folde-bolhaar-map-marker.png%22%2C%22infoWindow%22%3Afalse%2C%22infoTitle%22%3A%22Olde%20Bolhaar%20Zelhem%22%2C%22infoDescription%22%3A%22%22%2C%22infoImage%22%3A%22%22%2C%22infoAddress%22%3A%22%22%2C%22infoSite%22%3A%22%22%2C%22infoPhone%22%3A%22%22%2C%22infoEmail%22%3A%22%22%2C%22infoWorkingHours%22%3A%22%22%2C%22infoDirections%22%3Atrue%2C%22infoWindowOpenedByDefault%22%3Afalse%2C%22animation%22%3A%22none%22%2C%22linkUrl%22%3A%22https%3A%5C%2F%5C%2Fwww.oldebolhaar.com%5C%2Fde%5C%2Fkontakt%5C%2F%22%7D%2C%7B%22position%22%3A%22Roelofshoeveweg%2031%22%2C%22coordinates%22%3A%2251.9720318%2C%206.007984399999941%22%2C%22icon%22%3A%22custom%22%2C%22iconUrl%22%3A%22https%3A%5C%2F%5C%2Fwww.oldebolhaar.com%5C%2Fwp-content%5C%2Fuploads%5C%2F2018%5C%2F04%5C%2Folde-bolhaar-map-marker.png%22%2C%22infoWindow%22%3Afalse%2C%22infoTitle%22%3A%22Olde%20Bolhaar%20Duiven%22%2C%22infoDescription%22%3A%22%22%2C%22infoImage%22%3A%22%22%2C%22infoAddress%22%3A%22%22%2C%22infoSite%22%3A%22%22%2C%22infoPhone%22%3A%22%22%2C%22infoEmail%22%3A%22%22%2C%22infoWorkingHours%22%3A%22%22%2C%22infoDirections%22%3Atrue%2C%22infoWindowOpenedByDefault%22%3Afalse%2C%22animation%22%3A%22none%22%2C%22linkUrl%22%3A%22https%3A%5C%2F%5C%2Fwww.oldebolhaar.com%5C%2Fde%5C%2Fkontakt%5C%2F%22%7D%5D%2C%22mapType%22%3A%22roadmap%22%2C%22center%22%3A%22auto%22%2C%22zoom%22%3A%22auto%22%2C%22controls%22%3A%5B%22zoom%22%2C%22mapType%22%2C%22scale%22%2C%22streetView%22%2C%22fullscreen%22%5D%2C%22markerClusterEnabled%22%3Atrue%2C%22markerClusterZoom%22%3Atrue%2C%22markerClusterMin%22%3A2%2C%22markerClusterIcon%22%3A%22default%22%2C%22markerClusterIconColor%22%3A%22%22%2C%22markerClusterIconUrl%22%3Anull%2C%22markerClusterSize%22%3A52%2C%22infoDirections%22%3Atrue%2C%22directionsTarget%22%3A%22inline%22%2C%22scrollwheel%22%3Afalse%2C%22draggable%22%3Atrue%2C%22layers%22%3A%5B%5D%2C%22width%22%3A%22auto%22%2C%22height%22%3A%22400%22%2C%22panelEnabled%22%3Afalse%2C%22panelOpenByDefault%22%3Afalse%2C%22panelSearchVisible%22%3Afalse%2C%22panelSearchBy%22%3A%22markers%22%2C%22panelSearchPlaceholder%22%3A%22%22%2C%22panelListItemElements%22%3A%5B%22title%22%2C%22category%22%2C%22image%22%2C%22address%22%2C%22phone%22%2C%22workingHours%22%5D%2C%22mainColor%22%3A%22rgb%2866%2C%20133%2C%20244%29%22%2C%22style%22%3A%22silver%22%2C%22colorGeometry%22%3A%22rgba%28245%2C245%2C245%2C1%29%22%2C%22colorLabelsTextFill%22%3A%22rgba%2897%2C97%2C97%2C1%29%22%2C%22colorLabelsTextStroke%22%3A%22rgba%28245%2C245%2C245%2C1%29%22%2C%22colorAdministrativeGeometryStroke%22%3A%22%22%2C%22colorAdministrativeLandParcel%22%3A%22rgba%28189%2C189%2C189%2C1%29%22%2C%22colorLandscapeNaturalGeometry%22%3A%22%22%2C%22colorPoiGeometry%22%3A%22rgba%28238%2C238%2C238%2C1%29%22%2C%22colorPoiLabelsTextFill%22%3A%22rgba%28117%2C117%2C117%2C1%29%22%2C%22colorPoiParkGeometryFill%22%3A%22rgba%28229%2C229%2C229%2C1%29%22%2C%22colorPoiParkLabelsTextFill%22%3A%22rgba%28158%2C158%2C158%2C1%29%22%2C%22colorRoadGeometry%22%3A%22rgba%28255%2C255%2C255%2C1%29%22%2C%22colorRoadArterial%22%3A%22rgba%28255%2C255%2C255%2C1%29%22%2C%22colorRoadHighway%22%3A%22rgba%28218%2C218%2C218%2C1%29%22%2C%22colorRoadHighwayGeometryStroke%22%3A%22rgba%28218%2C218%2C218%2C1%29%22%2C%22colorRoadHighwayControlledAccessGeometry%22%3A%22rgba%28255%2C255%2C255%2C1%29%22%2C%22colorRoadHighwayControlledAccessGeometryStroke%22%3A%22rgba%28255%2C255%2C255%2C1%29%22%2C%22colorRoadLocalLabelsTextFill%22%3A%22rgba%28158%2C158%2C158%2C1%29%22%2C%22colorTransitLineGeometry%22%3A%22rgba%28229%2C229%2C229%2C1%29%22%2C%22colorTransitLineLabelsTextFill%22%3A%22rgba%2897%2C97%2C97%2C1%29%22%2C%22colorTransitLineLabelsTextStroke%22%3A%22rgba%28245%2C245%2C245%2C1%29%22%2C%22colorTransitStationGeometry%22%3A%22rgba%28238%2C238%2C238%2C1%29%22%2C%22colorWaterGeometryFill%22%3A%22rgba%28201%2C201%2C201%2C1%29%22%2C%22colorWaterLabelTextFill%22%3A%22rgba%28158%2C158%2C158%2C1%29%22%2C%22customGoogleMapsStyles%22%3A%22%22%2C%22apiKey%22%3A%22AIzaSyB18gemxVoxrrOQF95FXyh5SwqD3gXeY20%22%2C%22widgetId%22%3A%222%22%7D\" \n                data-elfsight-google-maps-version=\"2.4.2\"\n                data-elfsight-widget-id=\"elfsight-google-maps-2\">\n            <\/div>\n            [\/vc_column][\/vc_row]<\/p>\n<\/div>","protected":false},"excerpt":{"rendered":"<p>[vc_row full_width=&#8220;stretch_row&#8220; bg_type=&#8220;bg_color&#8220; css=&#8220;.vc_custom_1622110173288{padding-top: 60px !important;padding-bottom: 60px !important;}&#8220;][vc_column][vc_row_inner][vc_column_inner width=&#8220;1\/2&#8243;][vc_single_image image=&#8220;2824&#8243; img_size=&#8220;large&#8220;][\/vc_column_inner][vc_column_inner width=&#8220;1\/2&#8243;][vc_custom_heading text=&#8220;\u00dcber diesen Standort&#8220; font_container=&#8220;tag:h1|font_size:32px|text_align:left|line_height:1.4&#8243; use_theme_fonts=&#8220;yes&#8220; el_class=&#8220;title&#8220;][vc_column_text]Der Hauptsitz von Olde Bolhaar Eco Service befindet sich in der Fahlstiege 16 in Gildehaus. An diesem Standort werden Gr\u00fcnabf\u00e4lle kompostiert und unter &hellip;<\/p>\n","protected":false},"author":6,"featured_media":0,"parent":4000,"menu_order":0,"comment_status":"closed","ping_status":"closed","template":"","meta":{"_monsterinsights_skip_tracking":false,"_monsterinsights_sitenote_active":false,"_monsterinsights_sitenote_note":"","_monsterinsights_sitenote_category":0,"footnotes":""},"class_list":["post-4001","page","type-page","status-publish","hentry"],"yoast_head":"<!-- This site is optimized with the Yoast SEO plugin v27.5 - https:\/\/yoast.com\/product\/yoast-seo-wordpress\/ -->\n<title>Bad Bentheim (DE) - Olde Bolhaar<\/title>\n<meta name=\"description\" content=\"Der Hauptsitz von Olde Bolhaar Eco Service befindet sich in der Fahlstiege 16 in Gildehaus.\" \/>\n<meta name=\"robots\" content=\"index, follow, max-snippet:-1, max-image-preview:large, max-video-preview:-1\" \/>\n<link rel=\"canonical\" href=\"https:\/\/www.oldebolhaar.com\/de\/kontakt\/bad-bentheim\/\" \/>\n<meta property=\"og:locale\" content=\"de_DE\" \/>\n<meta property=\"og:type\" content=\"article\" \/>\n<meta property=\"og:title\" content=\"Bad Bentheim (DE) - Olde Bolhaar\" \/>\n<meta property=\"og:description\" content=\"Der Hauptsitz von Olde Bolhaar Eco Service befindet sich in der Fahlstiege 16 in Gildehaus.\" \/>\n<meta property=\"og:url\" content=\"https:\/\/www.oldebolhaar.com\/de\/kontakt\/bad-bentheim\/\" \/>\n<meta property=\"og:site_name\" content=\"Olde Bolhaar\" \/>\n<meta property=\"article:publisher\" content=\"https:\/\/www.facebook.com\/Oldebolhaar\/\" \/>\n<meta property=\"article:modified_time\" content=\"2022-07-15T07:55:31+00:00\" \/>\n<meta name=\"twitter:card\" content=\"summary_large_image\" \/>\n<meta name=\"twitter:label1\" content=\"Gesch\u00e4tzte Lesezeit\" \/>\n\t<meta name=\"twitter:data1\" content=\"2\u00a0Minuten\" \/>\n<script type=\"application\/ld+json\" class=\"yoast-schema-graph\">{\"@context\":\"https:\\\/\\\/schema.org\",\"@graph\":[{\"@type\":\"WebPage\",\"@id\":\"https:\\\/\\\/www.oldebolhaar.com\\\/de\\\/kontakt\\\/bad-bentheim\\\/\",\"url\":\"https:\\\/\\\/www.oldebolhaar.com\\\/de\\\/kontakt\\\/bad-bentheim\\\/\",\"name\":\"Bad Bentheim (DE) - Olde Bolhaar\",\"isPartOf\":{\"@id\":\"https:\\\/\\\/www.oldebolhaar.com\\\/de\\\/#website\"},\"datePublished\":\"2021-05-27T09:06:53+00:00\",\"dateModified\":\"2022-07-15T07:55:31+00:00\",\"description\":\"Der Hauptsitz von Olde Bolhaar Eco Service befindet sich in der Fahlstiege 16 in Gildehaus.\",\"breadcrumb\":{\"@id\":\"https:\\\/\\\/www.oldebolhaar.com\\\/de\\\/kontakt\\\/bad-bentheim\\\/#breadcrumb\"},\"inLanguage\":\"de\",\"potentialAction\":[{\"@type\":\"ReadAction\",\"target\":[\"https:\\\/\\\/www.oldebolhaar.com\\\/de\\\/kontakt\\\/bad-bentheim\\\/\"]}]},{\"@type\":\"BreadcrumbList\",\"@id\":\"https:\\\/\\\/www.oldebolhaar.com\\\/de\\\/kontakt\\\/bad-bentheim\\\/#breadcrumb\",\"itemListElement\":[{\"@type\":\"ListItem\",\"position\":1,\"name\":\"Home\",\"item\":\"https:\\\/\\\/www.oldebolhaar.com\\\/de\\\/\"},{\"@type\":\"ListItem\",\"position\":2,\"name\":\"Standorte und Kontakt\",\"item\":\"https:\\\/\\\/www.oldebolhaar.com\\\/de\\\/kontakt\\\/\"},{\"@type\":\"ListItem\",\"position\":3,\"name\":\"Bad Bentheim (DE)\"}]},{\"@type\":\"WebSite\",\"@id\":\"https:\\\/\\\/www.oldebolhaar.com\\\/de\\\/#website\",\"url\":\"https:\\\/\\\/www.oldebolhaar.com\\\/de\\\/\",\"name\":\"Olde Bolhaar\",\"description\":\"Creators of Green Soil\",\"publisher\":{\"@id\":\"https:\\\/\\\/www.oldebolhaar.com\\\/de\\\/#organization\"},\"potentialAction\":[{\"@type\":\"SearchAction\",\"target\":{\"@type\":\"EntryPoint\",\"urlTemplate\":\"https:\\\/\\\/www.oldebolhaar.com\\\/de\\\/?s={search_term_string}\"},\"query-input\":{\"@type\":\"PropertyValueSpecification\",\"valueRequired\":true,\"valueName\":\"search_term_string\"}}],\"inLanguage\":\"de\"},{\"@type\":\"Organization\",\"@id\":\"https:\\\/\\\/www.oldebolhaar.com\\\/de\\\/#organization\",\"name\":\"Olde Bolhaar Eco Service\",\"url\":\"https:\\\/\\\/www.oldebolhaar.com\\\/de\\\/\",\"logo\":{\"@type\":\"ImageObject\",\"inLanguage\":\"de\",\"@id\":\"https:\\\/\\\/www.oldebolhaar.com\\\/de\\\/#\\\/schema\\\/logo\\\/image\\\/\",\"url\":\"https:\\\/\\\/www.oldebolhaar.com\\\/wp-content\\\/uploads\\\/2018\\\/04\\\/olde-bolhaar-logo.png\",\"contentUrl\":\"https:\\\/\\\/www.oldebolhaar.com\\\/wp-content\\\/uploads\\\/2018\\\/04\\\/olde-bolhaar-logo.png\",\"width\":1200,\"height\":403,\"caption\":\"Olde Bolhaar Eco Service\"},\"image\":{\"@id\":\"https:\\\/\\\/www.oldebolhaar.com\\\/de\\\/#\\\/schema\\\/logo\\\/image\\\/\"},\"sameAs\":[\"https:\\\/\\\/www.facebook.com\\\/Oldebolhaar\\\/\",\"https:\\\/\\\/www.linkedin.com\\\/company\\\/olde-bolhaar-eco-service-gmbh\\\/\"]}]}<\/script>\n<!-- \/ Yoast SEO plugin. -->","yoast_head_json":{"title":"Bad Bentheim (DE) - Olde Bolhaar","description":"Der Hauptsitz von Olde Bolhaar Eco Service befindet sich in der Fahlstiege 16 in Gildehaus.","robots":{"index":"index","follow":"follow","max-snippet":"max-snippet:-1","max-image-preview":"max-image-preview:large","max-video-preview":"max-video-preview:-1"},"canonical":"https:\/\/www.oldebolhaar.com\/de\/kontakt\/bad-bentheim\/","og_locale":"de_DE","og_type":"article","og_title":"Bad Bentheim (DE) - Olde Bolhaar","og_description":"Der Hauptsitz von Olde Bolhaar Eco Service befindet sich in der Fahlstiege 16 in Gildehaus.","og_url":"https:\/\/www.oldebolhaar.com\/de\/kontakt\/bad-bentheim\/","og_site_name":"Olde Bolhaar","article_publisher":"https:\/\/www.facebook.com\/Oldebolhaar\/","article_modified_time":"2022-07-15T07:55:31+00:00","twitter_card":"summary_large_image","twitter_misc":{"Gesch\u00e4tzte Lesezeit":"2\u00a0Minuten"},"schema":{"@context":"https:\/\/schema.org","@graph":[{"@type":"WebPage","@id":"https:\/\/www.oldebolhaar.com\/de\/kontakt\/bad-bentheim\/","url":"https:\/\/www.oldebolhaar.com\/de\/kontakt\/bad-bentheim\/","name":"Bad Bentheim (DE) - Olde Bolhaar","isPartOf":{"@id":"https:\/\/www.oldebolhaar.com\/de\/#website"},"datePublished":"2021-05-27T09:06:53+00:00","dateModified":"2022-07-15T07:55:31+00:00","description":"Der Hauptsitz von Olde Bolhaar Eco Service befindet sich in der Fahlstiege 16 in Gildehaus.","breadcrumb":{"@id":"https:\/\/www.oldebolhaar.com\/de\/kontakt\/bad-bentheim\/#breadcrumb"},"inLanguage":"de","potentialAction":[{"@type":"ReadAction","target":["https:\/\/www.oldebolhaar.com\/de\/kontakt\/bad-bentheim\/"]}]},{"@type":"BreadcrumbList","@id":"https:\/\/www.oldebolhaar.com\/de\/kontakt\/bad-bentheim\/#breadcrumb","itemListElement":[{"@type":"ListItem","position":1,"name":"Home","item":"https:\/\/www.oldebolhaar.com\/de\/"},{"@type":"ListItem","position":2,"name":"Standorte und Kontakt","item":"https:\/\/www.oldebolhaar.com\/de\/kontakt\/"},{"@type":"ListItem","position":3,"name":"Bad Bentheim (DE)"}]},{"@type":"WebSite","@id":"https:\/\/www.oldebolhaar.com\/de\/#website","url":"https:\/\/www.oldebolhaar.com\/de\/","name":"Olde Bolhaar","description":"Creators of Green Soil","publisher":{"@id":"https:\/\/www.oldebolhaar.com\/de\/#organization"},"potentialAction":[{"@type":"SearchAction","target":{"@type":"EntryPoint","urlTemplate":"https:\/\/www.oldebolhaar.com\/de\/?s={search_term_string}"},"query-input":{"@type":"PropertyValueSpecification","valueRequired":true,"valueName":"search_term_string"}}],"inLanguage":"de"},{"@type":"Organization","@id":"https:\/\/www.oldebolhaar.com\/de\/#organization","name":"Olde Bolhaar Eco Service","url":"https:\/\/www.oldebolhaar.com\/de\/","logo":{"@type":"ImageObject","inLanguage":"de","@id":"https:\/\/www.oldebolhaar.com\/de\/#\/schema\/logo\/image\/","url":"https:\/\/www.oldebolhaar.com\/wp-content\/uploads\/2018\/04\/olde-bolhaar-logo.png","contentUrl":"https:\/\/www.oldebolhaar.com\/wp-content\/uploads\/2018\/04\/olde-bolhaar-logo.png","width":1200,"height":403,"caption":"Olde Bolhaar Eco Service"},"image":{"@id":"https:\/\/www.oldebolhaar.com\/de\/#\/schema\/logo\/image\/"},"sameAs":["https:\/\/www.facebook.com\/Oldebolhaar\/","https:\/\/www.linkedin.com\/company\/olde-bolhaar-eco-service-gmbh\/"]}]}},"_links":{"self":[{"href":"https:\/\/www.oldebolhaar.com\/de\/wp-json\/wp\/v2\/pages\/4001","targetHints":{"allow":["GET"]}}],"collection":[{"href":"https:\/\/www.oldebolhaar.com\/de\/wp-json\/wp\/v2\/pages"}],"about":[{"href":"https:\/\/www.oldebolhaar.com\/de\/wp-json\/wp\/v2\/types\/page"}],"author":[{"embeddable":true,"href":"https:\/\/www.oldebolhaar.com\/de\/wp-json\/wp\/v2\/users\/6"}],"replies":[{"embeddable":true,"href":"https:\/\/www.oldebolhaar.com\/de\/wp-json\/wp\/v2\/comments?post=4001"}],"version-history":[{"count":10,"href":"https:\/\/www.oldebolhaar.com\/de\/wp-json\/wp\/v2\/pages\/4001\/revisions"}],"predecessor-version":[{"id":4067,"href":"https:\/\/www.oldebolhaar.com\/de\/wp-json\/wp\/v2\/pages\/4001\/revisions\/4067"}],"up":[{"embeddable":true,"href":"https:\/\/www.oldebolhaar.com\/de\/wp-json\/wp\/v2\/pages\/4000"}],"wp:attachment":[{"href":"https:\/\/www.oldebolhaar.com\/de\/wp-json\/wp\/v2\/media?parent=4001"}],"curies":[{"name":"wp","href":"https:\/\/api.w.org\/{rel}","templated":true}]}}