{"id":4268,"date":"2023-05-03T12:31:12","date_gmt":"2023-05-03T10:31:12","guid":{"rendered":"https:\/\/www.oldebolhaar.com\/cookiebeleid-eu\/"},"modified":"2023-07-05T10:25:43","modified_gmt":"2023-07-05T08:25:43","slug":"cookie-richtlinien-eu","status":"publish","type":"page","link":"https:\/\/www.oldebolhaar.com\/de\/cookie-richtlinien-eu\/","title":{"rendered":"Cookie Richtlinien (EU)"},"content":{"rendered":"<div class=\"wpb-content-wrapper\"><p>[vc_row][vc_column width=&#8220;1\/6&#8243;][\/vc_column][vc_column width=&#8220;2\/3&#8243;][vc_column_text]<\/p>\n<h3>1. Einleitung<\/h3>\n<p>Auf unserer Website <a href=\"https:\/\/www.oldebolhaar.com\/\">https:\/\/www.oldebolhaar.com\/<\/a> (danach \u201edie Website\u201c genannt) werden Cookies und weitere dazugeh\u00f6rige Technologien (im folgenden \u201eCookies\u201c) genutzt. Auch Dritte, deren Funktionen oder Dienste genutzt werden, platzieren ihre Cookies. In dem folgenden Dokument werden wir Sie \u00fcber den Gebrauch von Cookies auf unserer Website informieren.<\/p>\n<h3>2. Was sind Cookies?<\/h3>\n<p>Ein Cookie ist ein kleines Informationspaket und besteht aus einem Paar von Daten, einem Schl\u00fcssel und einem Wert. Ein Cookie wird im Endger\u00e4t des Nutzers vom Browser verwaltet und somit dort gespeichert. Wir d\u00fcrfen Cookies einsetzen, wenn diese f\u00fcr den Betrieb unserer Webseiten zwingend notwendig sind. F\u00fcr alle anderen Cookie-Typen ben\u00f6tigen wir Ihre Erlaubnis.<\/p>\n<h3>3. Was sind Skripts?<\/h3>\n<p>Ein Skript ist ein Programmcode, der dazu dient, dass unsere Website ordnungsgem\u00e4\u00df und interaktiv funktioniert. Dieser Code wird auf unserem Server oder auf Ihrem Ger\u00e4t ausgef\u00fchrt.<\/p>\n<h3>4. Was ist ein Web-Beacon?<\/h3>\n<p>Ein Web-Beacon (auch Pixel-Tag) ist ein kleines, unsichtbares St\u00fcck Text oder Bild auf einer Website, das dazu dient, den Verkehr auf einer Website zu erfassen. Web-Beacons werden daf\u00fcr verwendet, um verschiedene Daten \u00fcber Sie zu speichern.<\/p>\n<h3>5. Cookies<\/h3>\n<h4>5.1 Technische und Funktionale Cookies<\/h4>\n<p>Einige Cookies sorgen daf\u00fcr, dass bestimmte Teile der Website ordnungsgem\u00e4\u00df funktionieren und dass Ihre Benutzerpr\u00e4ferenzen bekannt bleiben. Indem wir funktionale Cookies setzen, erleichtern wir Ihnen den Besuch unserer Website. So m\u00fcssen Sie beispielsweise nicht jedes Mal dieselben Informationen eingeben, wenn Sie unsere Website besuchen. Wir k\u00f6nnen diese Cookies ohne Ihre Zustimmung setzen.<\/p>\n<h4>5.2 Statistische Cookies<\/h4>\n<p>Wir verwenden Statistik-Cookies, um das Erlebnis f\u00fcr unsere Nutzer zu optimieren. Durch Statistik-Cookies erhalten wir Einblick in die Nutzung unserer Website. Wir bitten Sie daher um Ihre Erlaubnis, Statistik-Cookies zu verwenden.<\/p>\n<h4>5.3 Marketing\/Tracking Cookies<\/h4>\n<p>Marketing-\/Tracking-Cookies sind Cookies oder andere Formen der lokalen Speicherung, die zur Erstellung von Benutzerprofilen verwendet werden, um Werbung anzuzeigen oder den Benutzer auf dieser oder verschiedenen Websites zu \u00e4hnlichen Marketingzwecken zu verfolgen.<\/p>\n<h4>5.4 Social media<\/h4>\n<p>Auf unserer Website haben wir Facebook- und LinkedIn-Inhalte eingebunden, um Seiten in sozialen Netzwerken wie Facebook und LinkedIn zu bewerben (z. B. &#8222;Gef\u00e4llt mir&#8220;) oder zu teilen. Diese Inhalte sind in einen von Facebook und LinkedIn stammenden Code eingebettet und verwenden Cookies. Diese Inhalte k\u00f6nnen bestimmte Informationen f\u00fcr personalisierte Werbung speichern und verarbeiten.\u00a0Bitte lesen Sie die Datenschutzerkl\u00e4rungen dieser Parteien (die sich regelm\u00e4\u00dfig \u00e4ndern k\u00f6nnen), um zu erfahren, was sie mit Ihren (pers\u00f6nlichen) Daten machen, die sie \u00fcber diese Cookies verarbeiten. Die von ihnen gesammelten Informationen werden so weit wie m\u00f6glich anonymisiert. Facebook und LinkedIn haben ihren Sitz in den Vereinigten Staaten.<\/p>\n<h3>6. Verwendete Cookies<\/h3>\n<p><strong>WooCommerce \u2013 Funktional<br \/>\n<\/strong>Gebrauch: Wir nutzen WooCommerce als Integration in unser Thema der Website.<br \/>\nTeilen von Daten: Die Daten werden nicht mit Dritten geteilt.<\/p>\n<ul>\n<li>Funktional \u2013 Name: History.store, Funktion: Letzter Besuch wird gespeichert.<br \/>\nDieses Cookie kann i.d.R. ohne aktive Zustimmung verwendet werden, da das Funktionieren der Website in Ihrem eigenen Interesse liegt (nach Art. 6 Abs. 1 lit. f DSGVO).<\/li>\n<\/ul>\n<p><strong>Google reCAPTCHA \u2013 Funktional, Marketing\/Tracking<\/strong><br \/>\nGebrauch: Wir nutzen Google reCAPTCHA als Spamschutz.<br \/>\nTeilen von Daten: F\u00fcr mehr Informationen, lesen Sie die Google reCaptcha Datenschutzerkl\u00e4rung.<\/p>\n<ul>\n<li>Funktional &#8211; Name: _grecaptcha, Speicherdauer: 6 Monate, Funktion: Spam Schutz<br \/>\nDieses Cookie kann i.d.R. ohne aktive Zustimmung verwendet werden, da das Funktionieren der Website in Ihrem eigenen Interesse liegt (nach Art. 6 Abs. 1 lit. f DSGVO).<\/li>\n<li>Marketing\/Tracking \u2013 Name: rc::c, Speicherdauer: Dauer des Besuchs, Funktion: Versuch um bots heraus zu filtern \u2013 Name: rc::b, Speicherdauer: Dauer des Besuch, Funktion: Versuch um bots heraus zu filtern \u2013 Name: rc::a, Speicherdauer: permanent, Funktion: Versuch um bots heraus zu filtern<br \/>\nHierbei handelt es sich um Analyse- und Trackingcookies, die f\u00fcr Nutzeranalysen verwendet werden. Diese Cookies werden aufgrund Ihrer Einwilligung (nach Art. 6 Abs. 1 lit. a DSGVO) gesetzt.<\/li>\n<\/ul>\n<p><strong>WPML \u2013 Funktional<\/strong><br \/>\nGebrauch: Wir nutzen WPML f\u00fcr Sprachen. Hierbei handelt es sich um Cookies, die f\u00fcr das Funktionieren der Website erforderlich sind.<br \/>\nTeilen von Daten: Die Daten werden nicht an Dritte weitergegeben.<\/p>\n<ul>\n<li>Funktional \u2013 Name: wp-wpml_current_language, Speicherdauer: 1 Tag, Funktion: Speicherung von Sprach Pr\u00e4ferenzen<br \/>\nDieses Cookies kann i.d.R. ohne aktive Zustimmung verwendet werden, da diese Funktionsweise in unserem berechtigten Interesse liegt (Art. 6 Abs. 1 lit. f DSGVO).<\/li>\n<\/ul>\n<p><strong>Google Analytics \u2013 Statistik<\/strong><br \/>\nGebrauch: Wir nutzen Google Analytics f\u00fcr die Statistiken der Website.<br \/>\nTeilen von Daten: F\u00fcr mehr Informationen lesen Sie die Datenschutzerkl\u00e4rung von Google Analytics.<\/p>\n<ul>\n<li>Statistiken \u2013 Name: _ga, Speicherdauer: 2 Jahre, Funktion: Verfolgen und Erfassen von Seitenaufrufen \u2013 Name: _gid, Speicherdauer: 1 Tag, Funktion: Verfolgen und Erfassen von Seitenaufrufen<br \/>\nHierbei handelt es sich um Analyse- und Trackingcookies, die f\u00fcr Nutzeranalysen verwendet werden. Diese Cookies d\u00fcrfen i.d.R. nur mit der Einwilligung der Website Besucher verwendet werden (nach Art. 6 Abs. 1 lit. a DSGVO).<\/li>\n<\/ul>\n<p><strong>Google Fonts \u2013 Marketing\/Tracking<\/strong><br \/>\nGebrauch: Wir nutzen Google Fonts, um verschiedene Schriftarten anzeigen zu k\u00f6nnen.<br \/>\nTeilen von Daten: F\u00fcr mehr Informationen, lesen Sie die Datenschutzerkl\u00e4rung von Google Fonts.<\/p>\n<ul>\n<li>Marketing\/Tracking \u2013 Name: Google Fonts API, Speicherdauer: verl\u00e4uft direkt, Funktion: Erfasst die IP-Adresse des Nutzers<br \/>\nHierbei handelt es sich um Trackingcookies, die als f\u00fcr Nutzeranalysen verwendet werden. Dieses Cookies darf i.d.R. nur mit der Einwilligung der Website Besucher verwendet werden (nach Art. 6 Abs. 1 lit. a DSGVO).<\/li>\n<\/ul>\n<p><strong>Google Maps \u2013 Marketing\/Tracking<\/strong><br \/>\nGebrauch: Wir nutzen Google Maps, um Karten darzustellen.<br \/>\nTeilen von Daten: F\u00fcr mehr Informationen, lesen Sie hier die Google Maps Datenschutzerkl\u00e4rung.<\/p>\n<ul>\n<li>Marketing\/Tracking \u2013 Name: Google Maps API, Speicherdauer: verl\u00e4uft direkt, Funktion: Erfasst die IP-Adresse des Nutzers<br \/>\nHierbei handelt es sich um Trackingcookies, die f\u00fcr Nutzeranalysen verwendet werden. Die hier beschriebenen Cookies werden aufgrund Ihrer Einwilligung nach Art. 6 Abs. 1 lit. a DSGVO verwendet.<\/li>\n<\/ul>\n<p><strong>YouTube \u2013 Marketing\/Tracking, Funktional<\/strong><br \/>\nGebrauch: Wir nutzen YouTube, um Videos anzuzeigen.<br \/>\nTeilen von Daten: F\u00fcr mehr Informationen, lesen Sie die YouTube Datenschutzerkl\u00e4rung.<\/p>\n<ul>\n<li>Marketing\/Tracking \u2013 Name: GPS, Speicherdauer: Dauer des Besuchs, Funktion: Speicherung von Standort Daten \u2013 Name: YSC, Speicherdauer: Dauer des Besuchs, Funktion: Interaktion verfolgen und speichern \u2013 Name PREF, Speicherdauer: 8 Monate, Funktion: Speichern von Pr\u00e4ferenzen des Nutzers<br \/>\nHierbei handelt es sich um Werbe- und Trackingcookies, die als Werbung und Informationsquelle f\u00fcr Nutzer verwendet werden. Diese Cookies d\u00fcrfen i.d.R. nur mit der Einwilligung der Website Besucher verwendet werden (nach Art. 6 Abs. 1 lit. a DSGVO).<\/li>\n<li>Funktional \u2013 Name: VISITOR_INFO1_LIVE, Speicherdauer: 6 Monate, Funktion: Einsch\u00e4tzen der Bandbreite<br \/>\nDieses Cookies kann i.d.R. ohne aktive Zustimmung verwendet werden, da das Funktionieren der Website im eigenen Interesse des Nutzers liegt (nach Art. 6 Abs. 1 lit. f DSGVO).<\/li>\n<\/ul>\n<p><strong>Facebook \u2013 Marketing\/Tracking, Funktional<\/strong><br \/>\nGebrauch: Wir nutzen Facebook, um aktuelle Posts oder Infos anzuzeigen, wie auch den \u201eShare\u201c button.<br \/>\nTeilen von Daten: F\u00fcr mehr Informationen, lesen Sie die Facebook Datenschutzerkl\u00e4rung.<\/p>\n<ul>\n<li>Marketing\/Tracking \u2013 Name: _fcb, Speicherdauer: 2 Jahre, Funktion: Speicherung des letzten Besuchs \u2013 Name: fbm*, Speicherdauer: 1 Jahr, Funktion: Speicherung von Profildaten \u2013 Name: xs, Speicherdauer: 3 Monate, Funktion: Speicherung der einmaligen Sitzungs-ID \u2013 Name: fr, Speicherdauer: 3 Monate, Funktion: Werbung oder Retargeting \u2013 Name: act, Speicherdauer: 90 Tage, Funktion: Nutzer eingeloggt lassen \u2013 Name: _fbp, Speicherdauer: 3 Monate, Funktion: Verfolgung von Besuchen \u00fcber verschiedene Websites \u2013 Name: datr, Speicherdauer: 2 Jahre, Funktion: Betrugsvermeidung \u2013 Name: c_user, Speicherdauer: 30 Tage, Funktion: Speichern einer eindeutigen Benutzer-ID \u2013 Name: sb, Speicherdauer: 2 Jahre, Funktion: Speicherung von Browsereinstellungen \u2013 Name: *_fbm_, Speicherdauer: 1 Jahr, Funktion: Speicherung von Profildaten<br \/>\nHierbei handelt es sich um Werbe- und Trackingcookies, die als Werbung und Informationsquelle f\u00fcr Nutzer verwendet werden. Diese Cookies d\u00fcrfen i.d.R. nur mit der Einwilligung der Website Besucher verwendet werden (nach Art. 6 Abs. 1 lit. a DSGVO).<\/li>\n<li>Funktional \u2013 Name: wd, Speicherdauer: 1 Woche, Funktion: Festlegen der Bildschirmaufl\u00f6sung \u2013 Name: csm, Speicherdauer: 90 Tage, Funktion: Betrugsvermeidung \u2013 Name: actppresence, Speicherdauer: Dauer der Nutzung, Funktion: Speichern und verfolgen, ob die Browser-Registerkarte aktiv ist<br \/>\nDiese Cookies werden erst nach Ihrer Zustimmung verwendet (Art. 6 Abs. 1 lit. a DSGVO).<\/li>\n<\/ul>\n<p><strong>LinkedIn \u2013 Funktional, Marketing\/Tracking, Statistik, Pr\u00e4ferenzen<\/strong><br \/>\nGebrauch: Wir nutzen LinkedIn, um aktuelle Posts oder Infos anzuzeigen, wie auch den \u201eshare\u201c button. Hierbei handelt es sich um Werbe- und Trackingcookies, die als Werbung und Informationsquelle f\u00fcr Nutzer verwendet werden. Diese Cookies d\u00fcrfen i.d.R. nur mit der Einwilligung der Website Besucher verwendet werden (nach Art. 6 Abs. 1 lit. a DSGVO).<br \/>\nTeilen von Daten: F\u00fcr mehr Informationen, lesen Sie die Facebook Datenschutzerkl\u00e4rung.<\/p>\n<ul>\n<li>Funktional \u2013 Name: sdsc, Speicherdauer: Dauer der Nutzung, Funktion: load balancing Funktionen \u2013 Name: li_gc, Speicherdauer: 6 Monate, Funktion: Speicherung der Cookie Pr\u00e4ferenzen \u2013 Name: BizographicsOptOut, Speicherdauer: 10 Jahre, Funktion: Speicherung der Privatsph\u00e4re Einstellungen<br \/>\nDiese Cookies k\u00f6nnen i.d.R. ohne aktive Zustimmung verwendet werden, da das Funktionieren der Website im eigenen Interesse des Nutzers liegt (nach Art. 6 Abs. 1 lit. f DSGVO).<\/li>\n<li>Marketing\/Tracking \u2013 Name: lms_ads, Speicherdauer: 30 Tage, Funktion: Verfolgung von Besuchen \u00fcber verschiedene Websites \u2013 Name: _guid, Speicherdauer: 90 Tage, Funktion: Speicherung und Verfolgung von der Identit\u00e4t der Besucher \u2013 Name: li-oatml, Speicherdauer: 1 Monat, Funktion: Werbung oder Retargeting \u2013 Name: li_sugr, Speicherdauer: 90 Tage, Funktion: Speicherung und Verfolgung von der Identit\u00e4t der Besucher \u2013 Name: UserMatchHistory, Speicherdauer: 30 Tage, Funktion: Werbung oder Retargeting<br \/>\nHierbei handelt es sich um Werbe- und Trackingcookies, die als Werbung und Informationsquelle f\u00fcr Nutzer verwendet werden. Diese Cookies d\u00fcrfen i.d.R. nur mit der Einwilligung der Website Besucher verwendet werden (nach Art. 6 Abs. 1 lit. a DSGVO).<\/li>\n<li>Statistiken \u2013 Name: lms_analytics, Speicherdauer: 30 Tage, Funktion: Speicherung und Verfolgung der Identit\u00e4t der Besucher \u2013 Name: AnalyticsSyncHistory, Speicherdauer: 30 Tage, Funktion: Verfolgung der Besucher und dessen besuchte Websites<br \/>\nHierbei handelt es sich um Analyse- und Trackingcookies, die f\u00fcr Nutzeranalysen verwendet werden. Diese Cookies d\u00fcrfen i.d.R. nur mit der Einwilligung der Website Besucher verwendet werden (nach Art. 6 Abs. 1 lit. a DSGVO).<\/li>\n<li>Pr\u00e4ferenzen \u2013 Name: li_alerts, Speicherdauer: 1 Jahr, Funktion: Speicherung, ob eine Nachricht angezeigt wurde \u2013 Name: bcookie, Speicherdauer: 1 Jahr, Funktion: Speicherung von Browsereinstellungen &#8211; Name: lidc, Speicherdauer: 1 Tag, Funktion: Load balancing Funktionen &#8211; Name: bscookie, Speicherdauer: 1 Jahr, Funktion: Besucher eingeloggt lassen<br \/>\nHierbei handelt es sich um Trackingcookies, die f\u00fcr Nutzereinstellungen verwendet werden. Diese Cookies werden nur mit Ihrer Einwilligung verwendet (nach Art. 6 Abs. 1 lit. a DSGVO).<\/li>\n<\/ul>\n<h3>7. Zustimmung<\/h3>\n<p>Wenn Sie unsere Website zum ersten Mal besuchen, wird ein Pop-up-Fenster angezeigt, in dem die Cookies erkl\u00e4rt werden. Wenn Sie auf &#8222;Einstellungen speichern&#8220; klicken, geben Sie uns die Erlaubnis, die Kategorien von Cookies und Plug-ins zu verwenden, die Sie in dem Pop-up-Fenster ausgew\u00e4hlt haben und die in der Cookie-Richtlinie beschrieben sind. Sie k\u00f6nnen das Setzen von Cookies \u00fcber Ihren Browser deaktivieren, aber bitte beachten Sie, dass dies die optimale Funktion unserer Website beeintr\u00e4chtigen kann.<\/p>\n<h4>7.1 Verwalten Sie Ihre Cookie Zustimmung<\/h4>\n<p>Funktional (immer aktiv): Die technische Speicherung oder der Zugang ist unbedingt erforderlich f\u00fcr den rechtm\u00e4\u00dfigen Zweck, die Nutzung eines bestimmten, vom Teilnehmer oder Nutzer ausdr\u00fccklich gew\u00fcnschten Dienstes zu erm\u00f6glichen, oder f\u00fcr den alleinigen Zweck, die \u00dcbertragung einer Nachricht \u00fcber ein elektronisches Kommunikationsnetz durchzuf\u00fchren.<\/p>\n<p>Statistiken: Die technische Speicherung oder der Zugriff erfolgt ausschlie\u00dflich zu statistischen Zwecken.<\/p>\n<p>Marketing: Die technische Speicherung oder der Zugriff ist notwendig, um Nutzerprofile f\u00fcr die Zusendung von Werbung zu erstellen oder um den Nutzer auf einer Website oder \u00fcber verschiedene Websites hinweg f\u00fcr \u00e4hnliche Marketingzwecke zu verfolgen.<\/p>\n<h4>8. Cookies ein- oder ausschalten<\/h4>\n<p>Ihr Internet-Browser erm\u00f6glicht es Ihnen, Cookies automatisch oder manuell zu l\u00f6schen. Sie k\u00f6nnen auch festlegen, dass bestimmte Cookies nicht gesetzt werden sollen. Alternativ k\u00f6nnen Sie Ihren Internet-Browser so einstellen, dass er Sie benachrichtigt, wenn ein Cookie gesetzt wird. Weitere Informationen zu diesen Optionen finden Sie in den Anweisungen der Hilfefunktion Ihres Browsers.<\/p>\n<p>Bitte beachten Sie, dass unsere Website m\u00f6glicherweise nicht optimal funktioniert, wenn alle Cookies deaktiviert sind. Wenn Sie Cookies in Ihrem Browser l\u00f6schen, werden sie bei einem erneuten Besuch unserer Seiten nach Ihrer Zustimmung erneut gesetzt.[\/vc_column_text][\/vc_column][vc_column width=&#8220;1\/6&#8243;][\/vc_column][\/vc_row]<\/p>\n<\/div>","protected":false},"excerpt":{"rendered":"<p>[vc_row][vc_column width=&#8220;1\/6&#8243;][\/vc_column][vc_column width=&#8220;2\/3&#8243;][vc_column_text] 1. Einleitung Auf unserer Website https:\/\/www.oldebolhaar.com\/ (danach \u201edie Website\u201c genannt) werden Cookies und weitere dazugeh\u00f6rige Technologien (im folgenden \u201eCookies\u201c) genutzt. Auch Dritte, deren Funktionen oder Dienste genutzt werden, platzieren ihre Cookies. In dem folgenden Dokument werden wir &hellip;<\/p>\n","protected":false},"author":6,"featured_media":0,"parent":0,"menu_order":0,"comment_status":"closed","ping_status":"closed","template":"","meta":{"_monsterinsights_skip_tracking":false,"_monsterinsights_sitenote_active":false,"_monsterinsights_sitenote_note":"","_monsterinsights_sitenote_category":0,"footnotes":""},"class_list":["post-4268","page","type-page","status-publish","hentry"],"yoast_head":"<!-- This site is optimized with the Yoast SEO plugin v27.5 - https:\/\/yoast.com\/product\/yoast-seo-wordpress\/ -->\n<title>Cookie Richtlinien (EU) - Olde Bolhaar<\/title>\n<meta name=\"robots\" content=\"noindex, follow\" \/>\n<meta property=\"og:locale\" content=\"de_DE\" \/>\n<meta property=\"og:type\" content=\"article\" \/>\n<meta property=\"og:title\" content=\"Cookie Richtlinien (EU) - Olde Bolhaar\" \/>\n<meta property=\"og:description\" content=\"[vc_row][vc_column width=&#8220;1\/6&#8243;][\/vc_column][vc_column width=&#8220;2\/3&#8243;][vc_column_text] 1. Einleitung Auf unserer Website https:\/\/www.oldebolhaar.com\/ (danach \u201edie Website\u201c genannt) werden Cookies und weitere dazugeh\u00f6rige Technologien (im folgenden \u201eCookies\u201c) genutzt. Auch Dritte, deren Funktionen oder Dienste genutzt werden, platzieren ihre Cookies. In dem folgenden Dokument werden wir &hellip;\" \/>\n<meta property=\"og:url\" content=\"https:\/\/www.oldebolhaar.com\/de\/cookie-richtlinien-eu\/\" \/>\n<meta property=\"og:site_name\" content=\"Olde Bolhaar\" \/>\n<meta property=\"article:publisher\" content=\"https:\/\/www.facebook.com\/Oldebolhaar\/\" \/>\n<meta property=\"article:modified_time\" content=\"2023-07-05T08:25:43+00:00\" \/>\n<meta name=\"twitter:card\" content=\"summary_large_image\" \/>\n<meta name=\"twitter:label1\" content=\"Gesch\u00e4tzte Lesezeit\" \/>\n\t<meta name=\"twitter:data1\" content=\"10\u00a0Minuten\" \/>\n<script type=\"application\/ld+json\" class=\"yoast-schema-graph\">{\"@context\":\"https:\\\/\\\/schema.org\",\"@graph\":[{\"@type\":\"WebPage\",\"@id\":\"https:\\\/\\\/www.oldebolhaar.com\\\/de\\\/cookie-richtlinien-eu\\\/\",\"url\":\"https:\\\/\\\/www.oldebolhaar.com\\\/de\\\/cookie-richtlinien-eu\\\/\",\"name\":\"Cookie Richtlinien (EU) - Olde Bolhaar\",\"isPartOf\":{\"@id\":\"https:\\\/\\\/www.oldebolhaar.com\\\/de\\\/#website\"},\"datePublished\":\"2023-05-03T10:31:12+00:00\",\"dateModified\":\"2023-07-05T08:25:43+00:00\",\"breadcrumb\":{\"@id\":\"https:\\\/\\\/www.oldebolhaar.com\\\/de\\\/cookie-richtlinien-eu\\\/#breadcrumb\"},\"inLanguage\":\"de\",\"potentialAction\":[{\"@type\":\"ReadAction\",\"target\":[\"https:\\\/\\\/www.oldebolhaar.com\\\/de\\\/cookie-richtlinien-eu\\\/\"]}]},{\"@type\":\"BreadcrumbList\",\"@id\":\"https:\\\/\\\/www.oldebolhaar.com\\\/de\\\/cookie-richtlinien-eu\\\/#breadcrumb\",\"itemListElement\":[{\"@type\":\"ListItem\",\"position\":1,\"name\":\"Home\",\"item\":\"https:\\\/\\\/www.oldebolhaar.com\\\/de\\\/\"},{\"@type\":\"ListItem\",\"position\":2,\"name\":\"Cookie Richtlinien (EU)\"}]},{\"@type\":\"WebSite\",\"@id\":\"https:\\\/\\\/www.oldebolhaar.com\\\/de\\\/#website\",\"url\":\"https:\\\/\\\/www.oldebolhaar.com\\\/de\\\/\",\"name\":\"Olde Bolhaar\",\"description\":\"Creators of Green Soil\",\"publisher\":{\"@id\":\"https:\\\/\\\/www.oldebolhaar.com\\\/de\\\/#organization\"},\"potentialAction\":[{\"@type\":\"SearchAction\",\"target\":{\"@type\":\"EntryPoint\",\"urlTemplate\":\"https:\\\/\\\/www.oldebolhaar.com\\\/de\\\/?s={search_term_string}\"},\"query-input\":{\"@type\":\"PropertyValueSpecification\",\"valueRequired\":true,\"valueName\":\"search_term_string\"}}],\"inLanguage\":\"de\"},{\"@type\":\"Organization\",\"@id\":\"https:\\\/\\\/www.oldebolhaar.com\\\/de\\\/#organization\",\"name\":\"Olde Bolhaar Eco Service\",\"url\":\"https:\\\/\\\/www.oldebolhaar.com\\\/de\\\/\",\"logo\":{\"@type\":\"ImageObject\",\"inLanguage\":\"de\",\"@id\":\"https:\\\/\\\/www.oldebolhaar.com\\\/de\\\/#\\\/schema\\\/logo\\\/image\\\/\",\"url\":\"https:\\\/\\\/www.oldebolhaar.com\\\/wp-content\\\/uploads\\\/2018\\\/04\\\/olde-bolhaar-logo.png\",\"contentUrl\":\"https:\\\/\\\/www.oldebolhaar.com\\\/wp-content\\\/uploads\\\/2018\\\/04\\\/olde-bolhaar-logo.png\",\"width\":1200,\"height\":403,\"caption\":\"Olde Bolhaar Eco Service\"},\"image\":{\"@id\":\"https:\\\/\\\/www.oldebolhaar.com\\\/de\\\/#\\\/schema\\\/logo\\\/image\\\/\"},\"sameAs\":[\"https:\\\/\\\/www.facebook.com\\\/Oldebolhaar\\\/\",\"https:\\\/\\\/www.linkedin.com\\\/company\\\/olde-bolhaar-eco-service-gmbh\\\/\"]}]}<\/script>\n<!-- \/ Yoast SEO plugin. -->","yoast_head_json":{"title":"Cookie Richtlinien (EU) - Olde Bolhaar","robots":{"index":"noindex","follow":"follow"},"og_locale":"de_DE","og_type":"article","og_title":"Cookie Richtlinien (EU) - Olde Bolhaar","og_description":"[vc_row][vc_column width=&#8220;1\/6&#8243;][\/vc_column][vc_column width=&#8220;2\/3&#8243;][vc_column_text] 1. Einleitung Auf unserer Website https:\/\/www.oldebolhaar.com\/ (danach \u201edie Website\u201c genannt) werden Cookies und weitere dazugeh\u00f6rige Technologien (im folgenden \u201eCookies\u201c) genutzt. Auch Dritte, deren Funktionen oder Dienste genutzt werden, platzieren ihre Cookies. In dem folgenden Dokument werden wir &hellip;","og_url":"https:\/\/www.oldebolhaar.com\/de\/cookie-richtlinien-eu\/","og_site_name":"Olde Bolhaar","article_publisher":"https:\/\/www.facebook.com\/Oldebolhaar\/","article_modified_time":"2023-07-05T08:25:43+00:00","twitter_card":"summary_large_image","twitter_misc":{"Gesch\u00e4tzte Lesezeit":"10\u00a0Minuten"},"schema":{"@context":"https:\/\/schema.org","@graph":[{"@type":"WebPage","@id":"https:\/\/www.oldebolhaar.com\/de\/cookie-richtlinien-eu\/","url":"https:\/\/www.oldebolhaar.com\/de\/cookie-richtlinien-eu\/","name":"Cookie Richtlinien (EU) - Olde Bolhaar","isPartOf":{"@id":"https:\/\/www.oldebolhaar.com\/de\/#website"},"datePublished":"2023-05-03T10:31:12+00:00","dateModified":"2023-07-05T08:25:43+00:00","breadcrumb":{"@id":"https:\/\/www.oldebolhaar.com\/de\/cookie-richtlinien-eu\/#breadcrumb"},"inLanguage":"de","potentialAction":[{"@type":"ReadAction","target":["https:\/\/www.oldebolhaar.com\/de\/cookie-richtlinien-eu\/"]}]},{"@type":"BreadcrumbList","@id":"https:\/\/www.oldebolhaar.com\/de\/cookie-richtlinien-eu\/#breadcrumb","itemListElement":[{"@type":"ListItem","position":1,"name":"Home","item":"https:\/\/www.oldebolhaar.com\/de\/"},{"@type":"ListItem","position":2,"name":"Cookie Richtlinien (EU)"}]},{"@type":"WebSite","@id":"https:\/\/www.oldebolhaar.com\/de\/#website","url":"https:\/\/www.oldebolhaar.com\/de\/","name":"Olde Bolhaar","description":"Creators of Green Soil","publisher":{"@id":"https:\/\/www.oldebolhaar.com\/de\/#organization"},"potentialAction":[{"@type":"SearchAction","target":{"@type":"EntryPoint","urlTemplate":"https:\/\/www.oldebolhaar.com\/de\/?s={search_term_string}"},"query-input":{"@type":"PropertyValueSpecification","valueRequired":true,"valueName":"search_term_string"}}],"inLanguage":"de"},{"@type":"Organization","@id":"https:\/\/www.oldebolhaar.com\/de\/#organization","name":"Olde Bolhaar Eco Service","url":"https:\/\/www.oldebolhaar.com\/de\/","logo":{"@type":"ImageObject","inLanguage":"de","@id":"https:\/\/www.oldebolhaar.com\/de\/#\/schema\/logo\/image\/","url":"https:\/\/www.oldebolhaar.com\/wp-content\/uploads\/2018\/04\/olde-bolhaar-logo.png","contentUrl":"https:\/\/www.oldebolhaar.com\/wp-content\/uploads\/2018\/04\/olde-bolhaar-logo.png","width":1200,"height":403,"caption":"Olde Bolhaar Eco Service"},"image":{"@id":"https:\/\/www.oldebolhaar.com\/de\/#\/schema\/logo\/image\/"},"sameAs":["https:\/\/www.facebook.com\/Oldebolhaar\/","https:\/\/www.linkedin.com\/company\/olde-bolhaar-eco-service-gmbh\/"]}]}},"_links":{"self":[{"href":"https:\/\/www.oldebolhaar.com\/de\/wp-json\/wp\/v2\/pages\/4268","targetHints":{"allow":["GET"]}}],"collection":[{"href":"https:\/\/www.oldebolhaar.com\/de\/wp-json\/wp\/v2\/pages"}],"about":[{"href":"https:\/\/www.oldebolhaar.com\/de\/wp-json\/wp\/v2\/types\/page"}],"author":[{"embeddable":true,"href":"https:\/\/www.oldebolhaar.com\/de\/wp-json\/wp\/v2\/users\/6"}],"replies":[{"embeddable":true,"href":"https:\/\/www.oldebolhaar.com\/de\/wp-json\/wp\/v2\/comments?post=4268"}],"version-history":[{"count":16,"href":"https:\/\/www.oldebolhaar.com\/de\/wp-json\/wp\/v2\/pages\/4268\/revisions"}],"predecessor-version":[{"id":4330,"href":"https:\/\/www.oldebolhaar.com\/de\/wp-json\/wp\/v2\/pages\/4268\/revisions\/4330"}],"wp:attachment":[{"href":"https:\/\/www.oldebolhaar.com\/de\/wp-json\/wp\/v2\/media?parent=4268"}],"curies":[{"name":"wp","href":"https:\/\/api.w.org\/{rel}","templated":true}]}}