{"id":4440,"date":"2025-09-23T11:47:51","date_gmt":"2025-09-23T09:47:51","guid":{"rendered":"https:\/\/www.oldebolhaar.com\/?page_id=4440"},"modified":"2026-04-02T15:05:35","modified_gmt":"2026-04-02T13:05:35","slug":"stellenangebot","status":"publish","type":"page","link":"https:\/\/www.oldebolhaar.com\/de\/stellenangebot\/","title":{"rendered":"Stellenangebot"},"content":{"rendered":"<div class=\"wpb-content-wrapper\"><p>[vc_row full_width=&#8220;stretch_row&#8220; bg_type=&#8220;bg_color&#8220; css=&#8220;.vc_custom_1758630691496{padding-top: 40px !important;padding-bottom: 80px !important;background-color: #000000 !important;}&#8220; bg_color_value=&#8220;#000000&#8243;][vc_column][vc_row_inner css=&#8220;.vc_custom_1758620098621{padding-bottom: 40px !important;}&#8220;][vc_column_inner width=&#8220;1\/3&#8243;][vc_custom_heading text=&#8220;Arbeiten bei<br \/>\nOlde Bolhaar&#8220; font_container=&#8220;tag:h1|font_size:36px|text_align:left|color:%23ffffff&#8220; use_theme_fonts=&#8220;yes&#8220; css=&#8220;.vc_custom_1758621461057{margin-bottom: 60px !important;}&#8220; el_class=&#8220;title&#8220;][\/vc_column_inner][vc_column_inner width=&#8220;2\/3&#8243;][vc_column_text css=&#8220;&#8220; el_class=&#8220;brood-zwart&#8220;]Bei Olde Bolhaar arbeiten wir mit kurzen Wegen, einem pragmatischen und bodenst\u00e4ndigen Ansatz sowie einem starken Team. Wir suchen Menschen, die Verantwortung \u00fcbernehmen, mitdenken und gemeinsam mit uns nachhaltige Ergebnisse erzielen. Ob Sie in der Verwaltung t\u00e4tig sind, als Berufskraftfahrer\/in unterwegs oder im Einsatz mit Maschinen und Instandhaltung, bei uns erhalten Sie den Raum, sich weiterzuentwickeln und dazuzulernen.[\/vc_column_text][\/vc_column_inner][\/vc_row_inner][vc_row_inner][vc_column_inner]<div class='container recent-news recent-news-light row'><div class='col-md-3'><article class='post-minimal post-minimal-light'><header><img loading=\"lazy\" decoding=\"async\" width=\"359\" height=\"283\" src=\"https:\/\/www.oldebolhaar.com\/wp-content\/uploads\/2025\/11\/olde-bolhaar-vacature-planner-359x283.webp\" class=\"attachment-anps-portfolio size-anps-portfolio wp-post-image\" alt=\"\" \/><\/header><div class=\"post-minimal-wrap\"><a href='https:\/\/www.oldebolhaar.com\/de\/stellenangebot-disponenten-in\/'><h3 class='post-minimal-title'>Stellenangebot Disponent<\/h3><\/a><ul class=\"post-minimal-meta\"><li><i class='fa fa-calendar'><\/i><time datetime='2025-12-05 09:32'>5. Dezember 2025<\/time><\/li><\/ul><\/div><\/article><\/div><div class='col-md-3'><article class='post-minimal post-minimal-light'><header><img loading=\"lazy\" decoding=\"async\" width=\"359\" height=\"283\" src=\"https:\/\/www.oldebolhaar.com\/wp-content\/uploads\/2021\/04\/olde-bolhaar-mvo-hergebruik-359x283.jpg\" class=\"attachment-anps-portfolio size-anps-portfolio wp-post-image\" alt=\"\" \/><\/header><div class=\"post-minimal-wrap\"><a href='https:\/\/www.oldebolhaar.com\/de\/stellenangebot-werkstattmitarbeiter-in\/'><h3 class='post-minimal-title'>Stellenangebot Werkstatt&shy;mitarbeiter\/in<\/h3><\/a><ul class=\"post-minimal-meta\"><li><i class='fa fa-calendar'><\/i><time datetime='2025-09-23 12:59'>23. September 2025<\/time><\/li><\/ul><\/div><\/article><\/div><div class='col-md-3'><article class='post-minimal post-minimal-light'><header><img loading=\"lazy\" decoding=\"async\" width=\"359\" height=\"283\" src=\"https:\/\/www.oldebolhaar.com\/wp-content\/uploads\/2025\/09\/olde-bolhaar-vacature-vrachtwagenchauffeur-359x283.webp\" class=\"attachment-anps-portfolio size-anps-portfolio wp-post-image\" alt=\"\" \/><\/header><div class=\"post-minimal-wrap\"><a href='https:\/\/www.oldebolhaar.com\/de\/stellenangebot-berufskraftfahrer-in\/'><h3 class='post-minimal-title'>Stellenangebot Berufskraft&shy;fahrer\/in<\/h3><\/a><ul class=\"post-minimal-meta\"><li><i class='fa fa-calendar'><\/i><time datetime='2025-09-23 12:41'>23. September 2025<\/time><\/li><\/ul><\/div><\/article><\/div><div class='col-md-3'><article class='post-minimal post-minimal-light'><header><img loading=\"lazy\" decoding=\"async\" width=\"359\" height=\"283\" src=\"https:\/\/www.oldebolhaar.com\/wp-content\/uploads\/2025\/09\/olde-bolhaar-vacature-machinist-359x283.webp\" class=\"attachment-anps-portfolio size-anps-portfolio wp-post-image\" alt=\"\" \/><\/header><div class=\"post-minimal-wrap\"><a href='https:\/\/www.oldebolhaar.com\/de\/stellenangebot-maschinist-in\/'><h3 class='post-minimal-title'>Stellenangebot Maschinist\/in<\/h3><\/a><ul class=\"post-minimal-meta\"><li><i class='fa fa-calendar'><\/i><time datetime='2025-09-23 12:33'>23. September 2025<\/time><\/li><\/ul><\/div><\/article><\/div><\/div>[\/vc_column_inner][\/vc_row_inner][\/vc_column][\/vc_row][vc_row full_width=&#8220;stretch_row&#8220; css=&#8220;.vc_custom_1758630696406{padding-top: 20px !important;}&#8220;][vc_column][vc_row_inner content_placement=&#8220;top&#8220; css=&#8220;.vc_custom_1524483215955{background-position: center !important;background-repeat: no-repeat !important;background-size: cover !important;}&#8220;][vc_column_inner el_class=&#8220;hidden-sm hidden-xs&#8220; width=&#8220;1\/3&#8243;][vc_custom_heading text=&#8220;Initiativbewerbung&#8220; font_container=&#8220;tag:h1|text_align:left&#8220; use_theme_fonts=&#8220;yes&#8220; css=&#8220;.vc_custom_1758794934504{margin-bottom: 60px !important;}&#8220; el_class=&#8220;title&#8220;][\/vc_column_inner][vc_column_inner el_class=&#8220;no-margin-mobile no-padding-mobile&#8220; width=&#8220;2\/3&#8243;][vc_column_text css=&#8220;&#8220;]Keine passende Stelle gefunden, aber Sie sind \u00fcberzeugt, dass Sie gut zu uns passen? Wir lernen gerne neue Menschen kennen und laden Sie ein, uns eine Initiativbewerbung an <a href=\"mailto:bewerbung@oldebolhaar.de\">bewerbung@oldebolhaar.de<\/a> zu senden.[\/vc_column_text][\/vc_column_inner][\/vc_row_inner][\/vc_column][\/vc_row]<\/p>\n<\/div>","protected":false},"excerpt":{"rendered":"<p>[vc_row full_width=&#8220;stretch_row&#8220; bg_type=&#8220;bg_color&#8220; css=&#8220;.vc_custom_1758630691496{padding-top: 40px !important;padding-bottom: 80px !important;background-color: #000000 !important;}&#8220; bg_color_value=&#8220;#000000&#8243;][vc_column][vc_row_inner css=&#8220;.vc_custom_1758620098621{padding-bottom: 40px !important;}&#8220;][vc_column_inner width=&#8220;1\/3&#8243;][vc_custom_heading text=&#8220;Arbeiten bei Olde Bolhaar&#8220; font_container=&#8220;tag:h1|font_size:36px|text_align:left|color:%23ffffff&#8220; use_theme_fonts=&#8220;yes&#8220; css=&#8220;.vc_custom_1758621461057{margin-bottom: 60px !important;}&#8220; el_class=&#8220;title&#8220;][\/vc_column_inner][vc_column_inner width=&#8220;2\/3&#8243;][vc_column_text css=&#8220;&#8220; el_class=&#8220;brood-zwart&#8220;]Bei Olde Bolhaar arbeiten wir mit kurzen Wegen, einem pragmatischen und bodenst\u00e4ndigen Ansatz &hellip;<\/p>\n","protected":false},"author":6,"featured_media":3792,"parent":0,"menu_order":0,"comment_status":"closed","ping_status":"closed","template":"","meta":{"_monsterinsights_skip_tracking":false,"_monsterinsights_sitenote_active":false,"_monsterinsights_sitenote_note":"","_monsterinsights_sitenote_category":0,"footnotes":""},"class_list":["post-4440","page","type-page","status-publish","has-post-thumbnail","hentry"],"yoast_head":"<!-- This site is optimized with the Yoast SEO plugin v27.5 - https:\/\/yoast.com\/product\/yoast-seo-wordpress\/ -->\n<title>Stellenangebot - Olde Bolhaar<\/title>\n<meta name=\"description\" content=\"Arbeiten bei Olde Bolhaar. Wir suchen Menschen, die Verantwortung \u00fcbernehmen, mitdenken und gemeinsam mit uns nachhaltige Ergebnisse erzielen.\" \/>\n<meta name=\"robots\" content=\"index, follow, max-snippet:-1, max-image-preview:large, max-video-preview:-1\" \/>\n<link rel=\"canonical\" href=\"https:\/\/www.oldebolhaar.com\/de\/stellenangebot\/\" \/>\n<meta property=\"og:locale\" content=\"de_DE\" \/>\n<meta property=\"og:type\" content=\"article\" \/>\n<meta property=\"og:title\" content=\"Stellenangebot - Olde Bolhaar\" \/>\n<meta property=\"og:description\" content=\"Arbeiten bei Olde Bolhaar. Wir suchen Menschen, die Verantwortung \u00fcbernehmen, mitdenken und gemeinsam mit uns nachhaltige Ergebnisse erzielen.\" \/>\n<meta property=\"og:url\" content=\"https:\/\/www.oldebolhaar.com\/de\/stellenangebot\/\" \/>\n<meta property=\"og:site_name\" content=\"Olde Bolhaar\" \/>\n<meta property=\"article:publisher\" content=\"https:\/\/www.facebook.com\/Oldebolhaar\/\" \/>\n<meta property=\"article:modified_time\" content=\"2026-04-02T13:05:35+00:00\" \/>\n<meta property=\"og:image\" content=\"https:\/\/www.oldebolhaar.com\/wp-content\/uploads\/2021\/04\/olde-bolhaar-mvo-hergebruik.jpg\" \/>\n\t<meta property=\"og:image:width\" content=\"1920\" \/>\n\t<meta property=\"og:image:height\" content=\"1280\" \/>\n\t<meta property=\"og:image:type\" content=\"image\/jpeg\" \/>\n<meta name=\"twitter:card\" content=\"summary_large_image\" \/>\n<meta name=\"twitter:label1\" content=\"Gesch\u00e4tzte Lesezeit\" \/>\n\t<meta name=\"twitter:data1\" content=\"1\u00a0Minute\" \/>\n<script type=\"application\/ld+json\" class=\"yoast-schema-graph\">{\"@context\":\"https:\\\/\\\/schema.org\",\"@graph\":[{\"@type\":\"WebPage\",\"@id\":\"https:\\\/\\\/www.oldebolhaar.com\\\/de\\\/stellenangebot\\\/\",\"url\":\"https:\\\/\\\/www.oldebolhaar.com\\\/de\\\/stellenangebot\\\/\",\"name\":\"Stellenangebot - Olde Bolhaar\",\"isPartOf\":{\"@id\":\"https:\\\/\\\/www.oldebolhaar.com\\\/de\\\/#website\"},\"primaryImageOfPage\":{\"@id\":\"https:\\\/\\\/www.oldebolhaar.com\\\/de\\\/stellenangebot\\\/#primaryimage\"},\"image\":{\"@id\":\"https:\\\/\\\/www.oldebolhaar.com\\\/de\\\/stellenangebot\\\/#primaryimage\"},\"thumbnailUrl\":\"https:\\\/\\\/www.oldebolhaar.com\\\/wp-content\\\/uploads\\\/2021\\\/04\\\/olde-bolhaar-mvo-hergebruik.jpg\",\"datePublished\":\"2025-09-23T09:47:51+00:00\",\"dateModified\":\"2026-04-02T13:05:35+00:00\",\"description\":\"Arbeiten bei Olde Bolhaar. Wir suchen Menschen, die Verantwortung \u00fcbernehmen, mitdenken und gemeinsam mit uns nachhaltige Ergebnisse erzielen.\",\"breadcrumb\":{\"@id\":\"https:\\\/\\\/www.oldebolhaar.com\\\/de\\\/stellenangebot\\\/#breadcrumb\"},\"inLanguage\":\"de\",\"potentialAction\":[{\"@type\":\"ReadAction\",\"target\":[\"https:\\\/\\\/www.oldebolhaar.com\\\/de\\\/stellenangebot\\\/\"]}]},{\"@type\":\"ImageObject\",\"inLanguage\":\"de\",\"@id\":\"https:\\\/\\\/www.oldebolhaar.com\\\/de\\\/stellenangebot\\\/#primaryimage\",\"url\":\"https:\\\/\\\/www.oldebolhaar.com\\\/wp-content\\\/uploads\\\/2021\\\/04\\\/olde-bolhaar-mvo-hergebruik.jpg\",\"contentUrl\":\"https:\\\/\\\/www.oldebolhaar.com\\\/wp-content\\\/uploads\\\/2021\\\/04\\\/olde-bolhaar-mvo-hergebruik.jpg\",\"width\":1920,\"height\":1280},{\"@type\":\"BreadcrumbList\",\"@id\":\"https:\\\/\\\/www.oldebolhaar.com\\\/de\\\/stellenangebot\\\/#breadcrumb\",\"itemListElement\":[{\"@type\":\"ListItem\",\"position\":1,\"name\":\"Home\",\"item\":\"https:\\\/\\\/www.oldebolhaar.com\\\/de\\\/\"},{\"@type\":\"ListItem\",\"position\":2,\"name\":\"Stellenangebot\"}]},{\"@type\":\"WebSite\",\"@id\":\"https:\\\/\\\/www.oldebolhaar.com\\\/de\\\/#website\",\"url\":\"https:\\\/\\\/www.oldebolhaar.com\\\/de\\\/\",\"name\":\"Olde Bolhaar\",\"description\":\"Creators of Green Soil\",\"publisher\":{\"@id\":\"https:\\\/\\\/www.oldebolhaar.com\\\/de\\\/#organization\"},\"potentialAction\":[{\"@type\":\"SearchAction\",\"target\":{\"@type\":\"EntryPoint\",\"urlTemplate\":\"https:\\\/\\\/www.oldebolhaar.com\\\/de\\\/?s={search_term_string}\"},\"query-input\":{\"@type\":\"PropertyValueSpecification\",\"valueRequired\":true,\"valueName\":\"search_term_string\"}}],\"inLanguage\":\"de\"},{\"@type\":\"Organization\",\"@id\":\"https:\\\/\\\/www.oldebolhaar.com\\\/de\\\/#organization\",\"name\":\"Olde Bolhaar Eco Service\",\"url\":\"https:\\\/\\\/www.oldebolhaar.com\\\/de\\\/\",\"logo\":{\"@type\":\"ImageObject\",\"inLanguage\":\"de\",\"@id\":\"https:\\\/\\\/www.oldebolhaar.com\\\/de\\\/#\\\/schema\\\/logo\\\/image\\\/\",\"url\":\"https:\\\/\\\/www.oldebolhaar.com\\\/wp-content\\\/uploads\\\/2018\\\/04\\\/olde-bolhaar-logo.png\",\"contentUrl\":\"https:\\\/\\\/www.oldebolhaar.com\\\/wp-content\\\/uploads\\\/2018\\\/04\\\/olde-bolhaar-logo.png\",\"width\":1200,\"height\":403,\"caption\":\"Olde Bolhaar Eco Service\"},\"image\":{\"@id\":\"https:\\\/\\\/www.oldebolhaar.com\\\/de\\\/#\\\/schema\\\/logo\\\/image\\\/\"},\"sameAs\":[\"https:\\\/\\\/www.facebook.com\\\/Oldebolhaar\\\/\",\"https:\\\/\\\/www.linkedin.com\\\/company\\\/olde-bolhaar-eco-service-gmbh\\\/\"]}]}<\/script>\n<!-- \/ Yoast SEO plugin. -->","yoast_head_json":{"title":"Stellenangebot - Olde Bolhaar","description":"Arbeiten bei Olde Bolhaar. Wir suchen Menschen, die Verantwortung \u00fcbernehmen, mitdenken und gemeinsam mit uns nachhaltige Ergebnisse erzielen.","robots":{"index":"index","follow":"follow","max-snippet":"max-snippet:-1","max-image-preview":"max-image-preview:large","max-video-preview":"max-video-preview:-1"},"canonical":"https:\/\/www.oldebolhaar.com\/de\/stellenangebot\/","og_locale":"de_DE","og_type":"article","og_title":"Stellenangebot - Olde Bolhaar","og_description":"Arbeiten bei Olde Bolhaar. Wir suchen Menschen, die Verantwortung \u00fcbernehmen, mitdenken und gemeinsam mit uns nachhaltige Ergebnisse erzielen.","og_url":"https:\/\/www.oldebolhaar.com\/de\/stellenangebot\/","og_site_name":"Olde Bolhaar","article_publisher":"https:\/\/www.facebook.com\/Oldebolhaar\/","article_modified_time":"2026-04-02T13:05:35+00:00","og_image":[{"width":1920,"height":1280,"url":"https:\/\/www.oldebolhaar.com\/wp-content\/uploads\/2021\/04\/olde-bolhaar-mvo-hergebruik.jpg","type":"image\/jpeg"}],"twitter_card":"summary_large_image","twitter_misc":{"Gesch\u00e4tzte Lesezeit":"1\u00a0Minute"},"schema":{"@context":"https:\/\/schema.org","@graph":[{"@type":"WebPage","@id":"https:\/\/www.oldebolhaar.com\/de\/stellenangebot\/","url":"https:\/\/www.oldebolhaar.com\/de\/stellenangebot\/","name":"Stellenangebot - Olde Bolhaar","isPartOf":{"@id":"https:\/\/www.oldebolhaar.com\/de\/#website"},"primaryImageOfPage":{"@id":"https:\/\/www.oldebolhaar.com\/de\/stellenangebot\/#primaryimage"},"image":{"@id":"https:\/\/www.oldebolhaar.com\/de\/stellenangebot\/#primaryimage"},"thumbnailUrl":"https:\/\/www.oldebolhaar.com\/wp-content\/uploads\/2021\/04\/olde-bolhaar-mvo-hergebruik.jpg","datePublished":"2025-09-23T09:47:51+00:00","dateModified":"2026-04-02T13:05:35+00:00","description":"Arbeiten bei Olde Bolhaar. Wir suchen Menschen, die Verantwortung \u00fcbernehmen, mitdenken und gemeinsam mit uns nachhaltige Ergebnisse erzielen.","breadcrumb":{"@id":"https:\/\/www.oldebolhaar.com\/de\/stellenangebot\/#breadcrumb"},"inLanguage":"de","potentialAction":[{"@type":"ReadAction","target":["https:\/\/www.oldebolhaar.com\/de\/stellenangebot\/"]}]},{"@type":"ImageObject","inLanguage":"de","@id":"https:\/\/www.oldebolhaar.com\/de\/stellenangebot\/#primaryimage","url":"https:\/\/www.oldebolhaar.com\/wp-content\/uploads\/2021\/04\/olde-bolhaar-mvo-hergebruik.jpg","contentUrl":"https:\/\/www.oldebolhaar.com\/wp-content\/uploads\/2021\/04\/olde-bolhaar-mvo-hergebruik.jpg","width":1920,"height":1280},{"@type":"BreadcrumbList","@id":"https:\/\/www.oldebolhaar.com\/de\/stellenangebot\/#breadcrumb","itemListElement":[{"@type":"ListItem","position":1,"name":"Home","item":"https:\/\/www.oldebolhaar.com\/de\/"},{"@type":"ListItem","position":2,"name":"Stellenangebot"}]},{"@type":"WebSite","@id":"https:\/\/www.oldebolhaar.com\/de\/#website","url":"https:\/\/www.oldebolhaar.com\/de\/","name":"Olde Bolhaar","description":"Creators of Green Soil","publisher":{"@id":"https:\/\/www.oldebolhaar.com\/de\/#organization"},"potentialAction":[{"@type":"SearchAction","target":{"@type":"EntryPoint","urlTemplate":"https:\/\/www.oldebolhaar.com\/de\/?s={search_term_string}"},"query-input":{"@type":"PropertyValueSpecification","valueRequired":true,"valueName":"search_term_string"}}],"inLanguage":"de"},{"@type":"Organization","@id":"https:\/\/www.oldebolhaar.com\/de\/#organization","name":"Olde Bolhaar Eco Service","url":"https:\/\/www.oldebolhaar.com\/de\/","logo":{"@type":"ImageObject","inLanguage":"de","@id":"https:\/\/www.oldebolhaar.com\/de\/#\/schema\/logo\/image\/","url":"https:\/\/www.oldebolhaar.com\/wp-content\/uploads\/2018\/04\/olde-bolhaar-logo.png","contentUrl":"https:\/\/www.oldebolhaar.com\/wp-content\/uploads\/2018\/04\/olde-bolhaar-logo.png","width":1200,"height":403,"caption":"Olde Bolhaar Eco Service"},"image":{"@id":"https:\/\/www.oldebolhaar.com\/de\/#\/schema\/logo\/image\/"},"sameAs":["https:\/\/www.facebook.com\/Oldebolhaar\/","https:\/\/www.linkedin.com\/company\/olde-bolhaar-eco-service-gmbh\/"]}]}},"_links":{"self":[{"href":"https:\/\/www.oldebolhaar.com\/de\/wp-json\/wp\/v2\/pages\/4440","targetHints":{"allow":["GET"]}}],"collection":[{"href":"https:\/\/www.oldebolhaar.com\/de\/wp-json\/wp\/v2\/pages"}],"about":[{"href":"https:\/\/www.oldebolhaar.com\/de\/wp-json\/wp\/v2\/types\/page"}],"author":[{"embeddable":true,"href":"https:\/\/www.oldebolhaar.com\/de\/wp-json\/wp\/v2\/users\/6"}],"replies":[{"embeddable":true,"href":"https:\/\/www.oldebolhaar.com\/de\/wp-json\/wp\/v2\/comments?post=4440"}],"version-history":[{"count":10,"href":"https:\/\/www.oldebolhaar.com\/de\/wp-json\/wp\/v2\/pages\/4440\/revisions"}],"predecessor-version":[{"id":4560,"href":"https:\/\/www.oldebolhaar.com\/de\/wp-json\/wp\/v2\/pages\/4440\/revisions\/4560"}],"wp:featuredmedia":[{"embeddable":true,"href":"https:\/\/www.oldebolhaar.com\/de\/wp-json\/wp\/v2\/media\/3792"}],"wp:attachment":[{"href":"https:\/\/www.oldebolhaar.com\/de\/wp-json\/wp\/v2\/media?parent=4440"}],"curies":[{"name":"wp","href":"https:\/\/api.w.org\/{rel}","templated":true}]}}